{"id":1996,"date":"2019-07-18T15:48:21","date_gmt":"2019-07-18T13:48:21","guid":{"rendered":"http:\/\/faurecia-service.com\/?page_id=1996"},"modified":"2022-07-13T12:45:48","modified_gmt":"2022-07-13T10:45:48","slug":"innovationen-fuer-den-automotive-aftermarket","status":"publish","type":"page","link":"https:\/\/www.faurecia-service.com\/de\/","title":{"rendered":"Innovationen f\u00fcr den Automotive Aftermarket"},"content":{"rendered":"\n<h1 class=\"wp-block-heading\"> Innovationen f\u00fcr den Automotive Aftermarket<\/h1>\n\n\n\n<h2 class=\"has-text-align-center wp-block-heading\"> Das Know-how der Erstausr\u00fcstung f\u00fcr den Abgas-Nachr\u00fcstmarkt<\/h2>\n\n\n\n<p class=\"has-text-align-center\"> Basierend auf der langj\u00e4hrigen Erfahrung des Faurecia Konzerns in der Erstausr\u00fcstung bietet Faurecia Service nun innovative Produkte und L\u00f6sungen f\u00fcr den<strong> Independent Aftermarket (IAM).<\/strong> Unsere hohen Qualit\u00e4tsanspr\u00fcche und unser Fokus auf nachhaltige, umweltschonende und wirtschaftlich ausgereifte Ersatzteile-L\u00f6sungen lassen hochwertige Produkte entstehen, die langfristig Vorteile f\u00fcr Kunden und die Umwelt bringen.<\/p>\n\n\n\n<div style=\"height:10px\" aria-hidden=\"true\" class=\"wp-block-spacer\"><\/div>\n\n\n\n<div class=\"faurecia-teaser  b5-animated\" id=\"faurecia-teaser-block_60a4ee71e9e60\">\t\n\t<a href=\"https:\/\/www.faurecia-service.com\/de\/produkte\/easy2fit-unser-all-in-one-abgassystem-kit\/\" class=\"faurecia-teaser__link\">\t\n\t\t<div class=\"faurecia-teaser__cols\">\n\t\t\t\t\t\t<div class=\"faurecia-teaser__image\">\n\t\t\t\t<img decoding=\"async\" src=\"https:\/\/www.faurecia-service.com\/wp-content\/uploads\/box-home-easy2fit.png\" alt=\"\" \/>\n\t\t\t<\/div>\n\t\t\t<div class=\"faurecia-teaser__text\">\n\t\t\t\t<div class=\"faurecia-teaser__titel\"><p><img decoding=\"async\" style=\"width: 180px; height: auto;\" src=\"\/wp-content\/themes\/faurecia\/img\/logo-easy2fit.svg\" alt=\"Easy2Fit\" \/><\/p>\n<\/div>\n\t\t\t\t<div class=\"faurecia-teaser__subtitel\"><h2>Unsere All-in-One Abgassysteme<\/h2><\/div>\n\t\t\t\t<div class=\"faurecia-teaser__subtext\">Entdecken Sie unsere innovativen Abgassets: optimiert f\u00fcr die Logistik und einfach zu montieren, mit allem Zubeh\u00f6r.<\/div>\n\t\t\t<\/div>\n\t\t\t\t\t<\/div>\n\t<\/a>\t\n<\/div>\n\n\n<div class=\"faurecia-teaser  b5-animated\" id=\"faurecia-teaser-block_60a4eee8e9e61\">\t\n\t<a href=\"https:\/\/www.faurecia-service.com\/de\/produkte\/dieselpartikelfilter-dpf\/\" class=\"faurecia-teaser__link\">\t\n\t\t<div class=\"faurecia-teaser__cols\">\n\t\t\t\t\t\t<div class=\"faurecia-teaser__text\">\n\t\t\t\t<div class=\"faurecia-teaser__titel\"><p><span class=\"has-primary-pink-color\">SiC<\/span> Dieselpartikelfilter<\/p>\n<\/div>\n\t\t\t\t<div class=\"faurecia-teaser__subtitel\"><h2>Neue und wiederaufbereitete DPF<\/h2><\/div>\n\t\t\t\t<div class=\"faurecia-teaser__subtext\">Bieten Sie Ihren Kunden wertvolle DPF aus Silicium, neu oder wiederaufbereitete, an.<\/div>\n\t\t\t<\/div>\n\t\t\t<div class=\"faurecia-teaser__image\">\n\t\t\t\t<img decoding=\"async\" src=\"https:\/\/www.faurecia-service.com\/wp-content\/uploads\/box-home-dpf.png\" alt=\"\" \/>\n\t\t\t<\/div>\n\t\t\t\t\t<\/div>\n\t<\/a>\t\n<\/div>\n\n\n<div style=\"height:20px\" aria-hidden=\"true\" class=\"wp-block-spacer\"><\/div>\n\n\n\n<h2 class=\"has-text-align-center wp-block-heading\"> Ein komplettes Angebot f\u00fcr Abgassysteme<\/h2>\n\n\n\n<p class=\"has-text-align-center\"> Faurecia Service hat die richtige L\u00f6sung f\u00fcr jeden Fahrzeugtyp. Ob gereinigte, wiederaufbereitete oder neue Dieselpartikelfilter (DPF) oder unsere innovativen <strong>Abgasanlagen-Kit<\/strong>s <a href=\"http:\/\/faurecia-service.com\/de\/produkte\/easy2fit-unser-all-in-one-abgassystem-kit\/\">Easy2Fit<\/a>: unsere Produkte und L\u00f6sungen setzen neue Ma\u00dfst\u00e4be am Markt.  <\/p>\n\n\n<div class=\"faurecia-quote  \" id=\"faurecia-quote-block_5cdc468a1f6f3\">\n\t\t\t<p class=\"quote-content\">Unsere Kompetenz und unser globales Netzwerk machen uns zur idealen Wahl f\u00fcr den Kfz-Ersatzteil-Gro\u00dfhandel.<\/p>\n\t\t\t\t<span class=\"quote-author\">\n\t\t\tFaurecia Service\t\t\t\t\t<\/span>\n\t<\/div>","protected":false},"excerpt":{"rendered":"<p>Innovationen f\u00fcr den Automotive Aftermarket Das Know-how der Erstausr\u00fcstung f\u00fcr den Abgas-Nachr\u00fcstmarkt Basierend auf der langj\u00e4hrigen Erfahrung des Faurecia Konzerns&#8230;<\/p>\n","protected":false},"author":1,"featured_media":0,"parent":0,"menu_order":0,"comment_status":"closed","ping_status":"open","template":"","meta":{"_acf_changed":false,"footnotes":""},"class_list":["post-1996","page","type-page","status-publish","hentry"],"acf":[],"yoast_head":"<!-- This site is optimized with the Yoast SEO plugin v27.5 - https:\/\/yoast.com\/product\/yoast-seo-wordpress\/ -->\n<title>Kfz-Ersatzteile: Abgasanlagen, Dieselpartikelfilter (DPF)<\/title>\n<meta name=\"description\" content=\"Innovative L\u00f6sungen, Kfz-Ersatzteile im Bereich Abgasanlagen, Dieselpartikelfilter (DPF) f\u00fcr Gro\u00dfh\u00e4ndler: Ihr Profi f\u00fcr den Automotive Aftermarket (IAM)\" \/>\n<meta name=\"robots\" content=\"index, follow, max-snippet:-1, max-image-preview:large, max-video-preview:-1\" \/>\n<link rel=\"canonical\" href=\"https:\/\/www.faurecia-service.com\/de\/\" \/>\n<meta property=\"og:locale\" content=\"de_DE\" \/>\n<meta property=\"og:type\" content=\"article\" \/>\n<meta property=\"og:title\" content=\"Kfz-Ersatzteile: Abgasanlagen, Dieselpartikelfilter (DPF)\" \/>\n<meta property=\"og:description\" content=\"Innovative L\u00f6sungen, Kfz-Ersatzteile im Bereich Abgasanlagen, Dieselpartikelfilter (DPF) f\u00fcr Gro\u00dfh\u00e4ndler: Ihr Profi f\u00fcr den Automotive Aftermarket (IAM)\" \/>\n<meta property=\"og:url\" content=\"https:\/\/www.faurecia-service.com\/de\/\" \/>\n<meta property=\"og:site_name\" content=\"Faurecia\" \/>\n<meta property=\"article:modified_time\" content=\"2022-07-13T10:45:48+00:00\" \/>\n<meta name=\"twitter:card\" content=\"summary_large_image\" \/>\n<meta name=\"twitter:label1\" content=\"Gesch\u00e4tzte Lesezeit\" \/>\n\t<meta name=\"twitter:data1\" content=\"1\u00a0Minute\" \/>\n<script type=\"application\/ld+json\" class=\"yoast-schema-graph\">{\"@context\":\"https:\\\/\\\/schema.org\",\"@graph\":[{\"@type\":\"WebPage\",\"@id\":\"https:\\\/\\\/www.faurecia-service.com\\\/de\\\/\",\"url\":\"https:\\\/\\\/www.faurecia-service.com\\\/de\\\/\",\"name\":\"Kfz-Ersatzteile: Abgasanlagen, Dieselpartikelfilter (DPF)\",\"isPartOf\":{\"@id\":\"https:\\\/\\\/www.faurecia-service.com\\\/#website\"},\"datePublished\":\"2019-07-18T13:48:21+00:00\",\"dateModified\":\"2022-07-13T10:45:48+00:00\",\"description\":\"Innovative L\u00f6sungen, Kfz-Ersatzteile im Bereich Abgasanlagen, Dieselpartikelfilter (DPF) f\u00fcr Gro\u00dfh\u00e4ndler: Ihr Profi f\u00fcr den Automotive Aftermarket (IAM)\",\"breadcrumb\":{\"@id\":\"https:\\\/\\\/www.faurecia-service.com\\\/de\\\/#breadcrumb\"},\"inLanguage\":\"de\",\"potentialAction\":[{\"@type\":\"ReadAction\",\"target\":[\"https:\\\/\\\/www.faurecia-service.com\\\/de\\\/\"]}]},{\"@type\":\"BreadcrumbList\",\"@id\":\"https:\\\/\\\/www.faurecia-service.com\\\/de\\\/#breadcrumb\",\"itemListElement\":[{\"@type\":\"ListItem\",\"position\":1,\"name\":\"Startseite\",\"item\":\"https:\\\/\\\/www.faurecia-service.com\\\/de\\\/\"},{\"@type\":\"ListItem\",\"position\":2,\"name\":\"Innovationen f\u00fcr den Automotive Aftermarket\"}]},{\"@type\":\"WebSite\",\"@id\":\"https:\\\/\\\/www.faurecia-service.com\\\/#website\",\"url\":\"https:\\\/\\\/www.faurecia-service.com\\\/\",\"name\":\"Faurecia\",\"description\":\"Eine weitere WordPress-Website\",\"potentialAction\":[{\"@type\":\"SearchAction\",\"target\":{\"@type\":\"EntryPoint\",\"urlTemplate\":\"https:\\\/\\\/www.faurecia-service.com\\\/?s={search_term_string}\"},\"query-input\":{\"@type\":\"PropertyValueSpecification\",\"valueRequired\":true,\"valueName\":\"search_term_string\"}}],\"inLanguage\":\"de\"}]}<\/script>\n<!-- \/ Yoast SEO plugin. -->","yoast_head_json":{"title":"Kfz-Ersatzteile: Abgasanlagen, Dieselpartikelfilter (DPF)","description":"Innovative L\u00f6sungen, Kfz-Ersatzteile im Bereich Abgasanlagen, Dieselpartikelfilter (DPF) f\u00fcr Gro\u00dfh\u00e4ndler: Ihr Profi f\u00fcr den Automotive Aftermarket (IAM)","robots":{"index":"index","follow":"follow","max-snippet":"max-snippet:-1","max-image-preview":"max-image-preview:large","max-video-preview":"max-video-preview:-1"},"canonical":"https:\/\/www.faurecia-service.com\/de\/","og_locale":"de_DE","og_type":"article","og_title":"Kfz-Ersatzteile: Abgasanlagen, Dieselpartikelfilter (DPF)","og_description":"Innovative L\u00f6sungen, Kfz-Ersatzteile im Bereich Abgasanlagen, Dieselpartikelfilter (DPF) f\u00fcr Gro\u00dfh\u00e4ndler: Ihr Profi f\u00fcr den Automotive Aftermarket (IAM)","og_url":"https:\/\/www.faurecia-service.com\/de\/","og_site_name":"Faurecia","article_modified_time":"2022-07-13T10:45:48+00:00","twitter_card":"summary_large_image","twitter_misc":{"Gesch\u00e4tzte Lesezeit":"1\u00a0Minute"},"schema":{"@context":"https:\/\/schema.org","@graph":[{"@type":"WebPage","@id":"https:\/\/www.faurecia-service.com\/de\/","url":"https:\/\/www.faurecia-service.com\/de\/","name":"Kfz-Ersatzteile: Abgasanlagen, Dieselpartikelfilter (DPF)","isPartOf":{"@id":"https:\/\/www.faurecia-service.com\/#website"},"datePublished":"2019-07-18T13:48:21+00:00","dateModified":"2022-07-13T10:45:48+00:00","description":"Innovative L\u00f6sungen, Kfz-Ersatzteile im Bereich Abgasanlagen, Dieselpartikelfilter (DPF) f\u00fcr Gro\u00dfh\u00e4ndler: Ihr Profi f\u00fcr den Automotive Aftermarket (IAM)","breadcrumb":{"@id":"https:\/\/www.faurecia-service.com\/de\/#breadcrumb"},"inLanguage":"de","potentialAction":[{"@type":"ReadAction","target":["https:\/\/www.faurecia-service.com\/de\/"]}]},{"@type":"BreadcrumbList","@id":"https:\/\/www.faurecia-service.com\/de\/#breadcrumb","itemListElement":[{"@type":"ListItem","position":1,"name":"Startseite","item":"https:\/\/www.faurecia-service.com\/de\/"},{"@type":"ListItem","position":2,"name":"Innovationen f\u00fcr den Automotive Aftermarket"}]},{"@type":"WebSite","@id":"https:\/\/www.faurecia-service.com\/#website","url":"https:\/\/www.faurecia-service.com\/","name":"Faurecia","description":"Eine weitere WordPress-Website","potentialAction":[{"@type":"SearchAction","target":{"@type":"EntryPoint","urlTemplate":"https:\/\/www.faurecia-service.com\/?s={search_term_string}"},"query-input":{"@type":"PropertyValueSpecification","valueRequired":true,"valueName":"search_term_string"}}],"inLanguage":"de"}]}},"_links":{"self":[{"href":"https:\/\/www.faurecia-service.com\/de\/wp-json\/wp\/v2\/pages\/1996","targetHints":{"allow":["GET"]}}],"collection":[{"href":"https:\/\/www.faurecia-service.com\/de\/wp-json\/wp\/v2\/pages"}],"about":[{"href":"https:\/\/www.faurecia-service.com\/de\/wp-json\/wp\/v2\/types\/page"}],"author":[{"embeddable":true,"href":"https:\/\/www.faurecia-service.com\/de\/wp-json\/wp\/v2\/users\/1"}],"replies":[{"embeddable":true,"href":"https:\/\/www.faurecia-service.com\/de\/wp-json\/wp\/v2\/comments?post=1996"}],"version-history":[{"count":83,"href":"https:\/\/www.faurecia-service.com\/de\/wp-json\/wp\/v2\/pages\/1996\/revisions"}],"predecessor-version":[{"id":4007,"href":"https:\/\/www.faurecia-service.com\/de\/wp-json\/wp\/v2\/pages\/1996\/revisions\/4007"}],"wp:attachment":[{"href":"https:\/\/www.faurecia-service.com\/de\/wp-json\/wp\/v2\/media?parent=1996"}],"curies":[{"name":"wp","href":"https:\/\/api.w.org\/{rel}","templated":true}]}}