{"id":2017,"date":"2019-07-18T16:19:00","date_gmt":"2019-07-18T14:19:00","guid":{"rendered":"http:\/\/faurecia-service.com\/?page_id=2017"},"modified":"2019-07-31T15:34:52","modified_gmt":"2019-07-31T13:34:52","slug":"ueber-uns","status":"publish","type":"page","link":"https:\/\/www.faurecia-service.com\/de\/ueber-uns\/","title":{"rendered":"\u00dcber uns"},"content":{"rendered":"\n<div id=\"faurecia-about-block_5ce54379db2e9\" class=\"faurecia-about alignfull \">\n\t<div class=\"faurecia-about-title\">\n\t\t<h2>Faurecia:<br>Automotive Global Player<\/h2>\n\t<\/div>\n\t<div class=\"faurecia-about-content\">\n\t\t\t\t\t<div class=\"clearfix\">\n\t\t\t\t<div class=\"col-elem b5-animated b5-animated-left\">\n\t\t\t\t\t\t\t\t\t\t\t<img decoding=\"async\" src=\"https:\/\/www.faurecia-service.com\/wp-content\/uploads\/motiv-1.jpg\" alt=\"motiv-1\" width=\"100%\">\n\t\t\t\t\t\t\t\t\t\t\t\t\t\t\t<\/div>\n\t\t\t\t<div class=\"col-elem b5-animated b5-animated-right\">\n\t\t\t\t\t\t\t\t\t\t\t<div class=\"content-input\">\n\t\t\t\t\t\t\t\t\t\t\t\t\t\t\t\t\t\t\t\t\t\t\t\t<p>Faurecia Service geh\u00f6rt zum Faurecia Konzern, einem bedeutenden Akteur in der globalen Automobilindustrie. Im Fokus des Unternehmens liegen die vier Gesch\u00e4ftsbereiche <b>Seating, Interiors, Clarion Technologies <\/b>und <b>Clean Mobility<\/b>.<\/p>\n\t\t\t\t\t\t\t\t\t\t\t\t\t\t\t\t\t\t\t\t\t<\/div>\n\t\t\t\t\t\t\t\t\t<\/div>\n\t\t\t<\/div>\n\t\t\t\t\t<div class=\"clearfix\">\n\t\t\t\t<div class=\"col-elem b5-animated b5-animated-left\">\n\t\t\t\t\t\t\t\t\t\t\t<div class=\"content-input\">\n\t\t\t\t\t\t\t\t\t\t\t\t\t\t\t\t\t\t\t\t\t\t\t\t<ul class=\"icon-list\">\n\t\t\t\t\t\t\t\t\t\t\t\t\t\t\t\t\t\t\t\t\t<li class=\"icon-list-elem\">\n\t\t\t\t\t\t\t\t\t\t\t\t<img decoding=\"async\" src=\"\/wp-content\/themes\/faurecia\/img\/icon-about-300.svg\">\n\t\t\t\t\t\t\t\t\t\t\t\t<span>TOP 10<br>der Automobilzulieferer<\/span>\n\t\t\t\t\t\t\t\t\t\t\t<\/li>\n\t\t\t\t\t\t\t\t\t\t\t\t\t\t\t\t\t\t\t\t\t<li class=\"icon-list-elem\">\n\t\t\t\t\t\t\t\t\t\t\t\t<img decoding=\"async\" src=\"\/wp-content\/themes\/faurecia\/img\/icon-vehicles.svg\">\n\t\t\t\t\t\t\t\t\t\t\t\t<span>Jedes dritte Fahrzeug weltweit <br>beinhaltet Faurecia-Technologie<\/span>\n\t\t\t\t\t\t\t\t\t\t\t<\/li>\n\t\t\t\t\t\t\t\t\t\t\t\t\t\t\t\t\t\t\t<\/ul>\n\t\t\t\t\t\t\t\t\t\t\t\t\t\t\t\t\t\t\t\t\t<\/div>\n\t\t\t\t\t\t\t\t\t<\/div>\n\t\t\t\t<div class=\"col-elem b5-animated b5-animated-right\">\n\t\t\t\t\t\t\t\t\t\t\t<img decoding=\"async\" src=\"https:\/\/www.faurecia-service.com\/wp-content\/uploads\/motiv-3.jpg\" alt=\"motiv-3\" width=\"100%\">\n\t\t\t\t\t\t\t\t\t\t\t\t\t<span class=\"faurecia-about-image-text\">8300 Ingenieure \u2013 35 F&#038;E-Zentren<\/span>\n\t\t\t\t\t\t\t\t\t\t\t\t\t\t\t<\/div>\n\t\t\t<\/div>\n\t\t\t\t\t<div class=\"clearfix\">\n\t\t\t\t<div class=\"col-elem b5-animated b5-animated-left\">\n\t\t\t\t\t\t\t\t\t\t\t<img decoding=\"async\" src=\"https:\/\/www.faurecia-service.com\/wp-content\/uploads\/motiv-2.jpg\" alt=\"motiv-2\" width=\"100%\">\n\t\t\t\t\t\t\t\t\t\t\t\t\t<span class=\"faurecia-about-image-text\">Faurecia Service: Ihr Vertrauenspartner f\u00fcr den Aftermarket<\/span>\n\t\t\t\t\t\t\t\t\t\t\t\t\t\t\t<\/div>\n\t\t\t\t<div class=\"col-elem b5-animated b5-animated-right\">\n\t\t\t\t\t\t\t\t\t\t\t<div class=\"content-input\">\n\t\t\t\t\t\t\t\t\t\t\t\t\t\t\t\t\t\t\t\t\t\t\t\t<p>Basierend auf mehr als <b>20 Jahren Erfahrung<\/b> im Bereich Abgasanlagen setzt Faurecia Service neue Ma\u00dfst\u00e4be f\u00fcr den Kfz-Aftermarket. Denn immer strengere Abgas-Standards und ein stetig wachsendes Umweltbewusstsein erfordern ein <b>Umdenken<\/b>: Faurecia Service arbeitet an innovativen L\u00f6sungen, die dem Bed\u00fcrfnis nach Clean Mobility <b>auf lange Sicht<\/b> nachkommen<\/p>\n\t\t\t\t\t\t\t\t\t\t\t\t\t\t\t\t\t\t\t\t\t<\/div>\n\t\t\t\t\t\t\t\t\t<\/div>\n\t\t\t<\/div>\n\t\t\t<\/div>\n<\/div>\n\n\n<p style=\"text-align:center\" class=\"about-more-info\">Weitere Informationen \u00fcber Faurecia unter:<br><a href=\"http:\/\/www.faurecia.com\">www.faurecia.com<\/a><\/p>\n\n\n\n<div style=\"height:80px\" aria-hidden=\"true\" class=\"wp-block-spacer\"><\/div>\n","protected":false},"excerpt":{"rendered":"<p>Weitere Informationen \u00fcber Faurecia unter:www.faurecia.com<\/p>\n","protected":false},"author":1,"featured_media":0,"parent":0,"menu_order":0,"comment_status":"closed","ping_status":"closed","template":"","meta":{"_acf_changed":false,"footnotes":""},"class_list":["post-2017","page","type-page","status-publish","hentry"],"acf":[],"yoast_head":"<!-- This site is optimized with the Yoast SEO plugin v27.5 - https:\/\/yoast.com\/product\/yoast-seo-wordpress\/ -->\n<title>Faurecia Service: Spezialist f\u00fcr den Kfz-Aftermarket<\/title>\n<meta name=\"description\" content=\"Faurecia Service: Produkte und L\u00f6sungen f\u00fcr den Kfz-Aftermarket, Ersatzteilemarkt: spezialisierter Hersteller von Abgasanlagen- und Partikelfilter-L\u00f6sungen\" \/>\n<meta name=\"robots\" content=\"index, follow, max-snippet:-1, max-image-preview:large, max-video-preview:-1\" \/>\n<link rel=\"canonical\" href=\"https:\/\/www.faurecia-service.com\/de\/ueber-uns\/\" \/>\n<meta property=\"og:locale\" content=\"de_DE\" \/>\n<meta property=\"og:type\" content=\"article\" \/>\n<meta property=\"og:title\" content=\"Faurecia Service: Spezialist f\u00fcr den Kfz-Aftermarket\" \/>\n<meta property=\"og:description\" content=\"Faurecia Service: Produkte und L\u00f6sungen f\u00fcr den Kfz-Aftermarket, Ersatzteilemarkt: spezialisierter Hersteller von Abgasanlagen- und Partikelfilter-L\u00f6sungen\" \/>\n<meta property=\"og:url\" content=\"https:\/\/www.faurecia-service.com\/de\/ueber-uns\/\" \/>\n<meta property=\"og:site_name\" content=\"Faurecia\" \/>\n<meta property=\"article:modified_time\" content=\"2019-07-31T13:34:52+00:00\" \/>\n<meta name=\"twitter:card\" content=\"summary_large_image\" \/>\n<script type=\"application\/ld+json\" class=\"yoast-schema-graph\">{\"@context\":\"https:\\\/\\\/schema.org\",\"@graph\":[{\"@type\":\"WebPage\",\"@id\":\"https:\\\/\\\/www.faurecia-service.com\\\/de\\\/ueber-uns\\\/\",\"url\":\"https:\\\/\\\/www.faurecia-service.com\\\/de\\\/ueber-uns\\\/\",\"name\":\"Faurecia Service: Spezialist f\u00fcr den Kfz-Aftermarket\",\"isPartOf\":{\"@id\":\"https:\\\/\\\/www.faurecia-service.com\\\/#website\"},\"datePublished\":\"2019-07-18T14:19:00+00:00\",\"dateModified\":\"2019-07-31T13:34:52+00:00\",\"description\":\"Faurecia Service: Produkte und L\u00f6sungen f\u00fcr den Kfz-Aftermarket, Ersatzteilemarkt: spezialisierter Hersteller von Abgasanlagen- und Partikelfilter-L\u00f6sungen\",\"breadcrumb\":{\"@id\":\"https:\\\/\\\/www.faurecia-service.com\\\/de\\\/ueber-uns\\\/#breadcrumb\"},\"inLanguage\":\"de\",\"potentialAction\":[{\"@type\":\"ReadAction\",\"target\":[\"https:\\\/\\\/www.faurecia-service.com\\\/de\\\/ueber-uns\\\/\"]}]},{\"@type\":\"BreadcrumbList\",\"@id\":\"https:\\\/\\\/www.faurecia-service.com\\\/de\\\/ueber-uns\\\/#breadcrumb\",\"itemListElement\":[{\"@type\":\"ListItem\",\"position\":1,\"name\":\"Startseite\",\"item\":\"https:\\\/\\\/www.faurecia-service.com\\\/de\\\/\"},{\"@type\":\"ListItem\",\"position\":2,\"name\":\"\u00dcber uns\"}]},{\"@type\":\"WebSite\",\"@id\":\"https:\\\/\\\/www.faurecia-service.com\\\/#website\",\"url\":\"https:\\\/\\\/www.faurecia-service.com\\\/\",\"name\":\"Faurecia\",\"description\":\"Eine weitere WordPress-Website\",\"potentialAction\":[{\"@type\":\"SearchAction\",\"target\":{\"@type\":\"EntryPoint\",\"urlTemplate\":\"https:\\\/\\\/www.faurecia-service.com\\\/?s={search_term_string}\"},\"query-input\":{\"@type\":\"PropertyValueSpecification\",\"valueRequired\":true,\"valueName\":\"search_term_string\"}}],\"inLanguage\":\"de\"}]}<\/script>\n<!-- \/ Yoast SEO plugin. -->","yoast_head_json":{"title":"Faurecia Service: Spezialist f\u00fcr den Kfz-Aftermarket","description":"Faurecia Service: Produkte und L\u00f6sungen f\u00fcr den Kfz-Aftermarket, Ersatzteilemarkt: spezialisierter Hersteller von Abgasanlagen- und Partikelfilter-L\u00f6sungen","robots":{"index":"index","follow":"follow","max-snippet":"max-snippet:-1","max-image-preview":"max-image-preview:large","max-video-preview":"max-video-preview:-1"},"canonical":"https:\/\/www.faurecia-service.com\/de\/ueber-uns\/","og_locale":"de_DE","og_type":"article","og_title":"Faurecia Service: Spezialist f\u00fcr den Kfz-Aftermarket","og_description":"Faurecia Service: Produkte und L\u00f6sungen f\u00fcr den Kfz-Aftermarket, Ersatzteilemarkt: spezialisierter Hersteller von Abgasanlagen- und Partikelfilter-L\u00f6sungen","og_url":"https:\/\/www.faurecia-service.com\/de\/ueber-uns\/","og_site_name":"Faurecia","article_modified_time":"2019-07-31T13:34:52+00:00","twitter_card":"summary_large_image","schema":{"@context":"https:\/\/schema.org","@graph":[{"@type":"WebPage","@id":"https:\/\/www.faurecia-service.com\/de\/ueber-uns\/","url":"https:\/\/www.faurecia-service.com\/de\/ueber-uns\/","name":"Faurecia Service: Spezialist f\u00fcr den Kfz-Aftermarket","isPartOf":{"@id":"https:\/\/www.faurecia-service.com\/#website"},"datePublished":"2019-07-18T14:19:00+00:00","dateModified":"2019-07-31T13:34:52+00:00","description":"Faurecia Service: Produkte und L\u00f6sungen f\u00fcr den Kfz-Aftermarket, Ersatzteilemarkt: spezialisierter Hersteller von Abgasanlagen- und Partikelfilter-L\u00f6sungen","breadcrumb":{"@id":"https:\/\/www.faurecia-service.com\/de\/ueber-uns\/#breadcrumb"},"inLanguage":"de","potentialAction":[{"@type":"ReadAction","target":["https:\/\/www.faurecia-service.com\/de\/ueber-uns\/"]}]},{"@type":"BreadcrumbList","@id":"https:\/\/www.faurecia-service.com\/de\/ueber-uns\/#breadcrumb","itemListElement":[{"@type":"ListItem","position":1,"name":"Startseite","item":"https:\/\/www.faurecia-service.com\/de\/"},{"@type":"ListItem","position":2,"name":"\u00dcber uns"}]},{"@type":"WebSite","@id":"https:\/\/www.faurecia-service.com\/#website","url":"https:\/\/www.faurecia-service.com\/","name":"Faurecia","description":"Eine weitere WordPress-Website","potentialAction":[{"@type":"SearchAction","target":{"@type":"EntryPoint","urlTemplate":"https:\/\/www.faurecia-service.com\/?s={search_term_string}"},"query-input":{"@type":"PropertyValueSpecification","valueRequired":true,"valueName":"search_term_string"}}],"inLanguage":"de"}]}},"_links":{"self":[{"href":"https:\/\/www.faurecia-service.com\/de\/wp-json\/wp\/v2\/pages\/2017","targetHints":{"allow":["GET"]}}],"collection":[{"href":"https:\/\/www.faurecia-service.com\/de\/wp-json\/wp\/v2\/pages"}],"about":[{"href":"https:\/\/www.faurecia-service.com\/de\/wp-json\/wp\/v2\/types\/page"}],"author":[{"embeddable":true,"href":"https:\/\/www.faurecia-service.com\/de\/wp-json\/wp\/v2\/users\/1"}],"replies":[{"embeddable":true,"href":"https:\/\/www.faurecia-service.com\/de\/wp-json\/wp\/v2\/comments?post=2017"}],"version-history":[{"count":19,"href":"https:\/\/www.faurecia-service.com\/de\/wp-json\/wp\/v2\/pages\/2017\/revisions"}],"predecessor-version":[{"id":2407,"href":"https:\/\/www.faurecia-service.com\/de\/wp-json\/wp\/v2\/pages\/2017\/revisions\/2407"}],"wp:attachment":[{"href":"https:\/\/www.faurecia-service.com\/de\/wp-json\/wp\/v2\/media?parent=2017"}],"curies":[{"name":"wp","href":"https:\/\/api.w.org\/{rel}","templated":true}]}}