{"id":2023,"date":"2019-07-18T16:21:32","date_gmt":"2019-07-18T14:21:32","guid":{"rendered":"http:\/\/faurecia-service.com\/?page_id=2023"},"modified":"2022-06-29T15:50:28","modified_gmt":"2022-06-29T13:50:28","slug":"news","status":"publish","type":"page","link":"https:\/\/www.faurecia-service.com\/de\/news\/","title":{"rendered":"News"},"content":{"rendered":"\n<h1 class=\"wp-block-heading\">News<\/h1>\n\n\n<div class=\"faurecia-news \" id=\"faurecia-product-box-block_5d1488080e313\">\n\t\t\t<div class=\"box-news clearfix\">\n\t\t\t<div class=\"image\" data-files=\"https:\/\/www.faurecia-service.com\/wp-content\/uploads\/220629-faureciaservice-news-680x776px-dt.jpg\">\n\t\t\t\t<img decoding=\"async\" src=\"https:\/\/www.faurecia-service.com\/wp-content\/uploads\/220629-faureciaservice-news-680x776px-dt.jpg\" alt=\"\">\n\t\t\t<\/div>\n\t\t\t<div class=\"info\">\n\t\t\t\t<div class=\"title\">FAURECIA PFLANZT 5.000 B\u00c4UME IN UNGARN, ITALIEN UND SPANIEN<\/div>\n\t\t\t\t<div class=\"date\">30\/05\/2022<\/div>\n\t\t\t\t<div class=\"desc\"><p>Faurecia Service und Faurecia Europe Division k\u00fcndigen drei neue Projekte mit ReforestAction an.<\/p>\n<p>Unsere Zusammenarbeit mit ReforestAction erstreckt sich nun auch auf Ungarn, Italien und Spanien, wo in diesem Jahr 5.000 B\u00e4ume gepflanzt werden sollen. Insgesamt wurden 10.000 B\u00e4ume seit Juni 2021 gepflanzt.<\/p>\n<p><strong>WARUM HABEN WIR UNGARN, ITALIEN UND SPANIEN AUSGEW\u00c4HLT?<\/strong><\/p>\n<p>Wir wollen alle L\u00e4nder in Europa unterst\u00fctzen, in denen unsere Clean Mobility Business Group Produktionsstandorte hat. Mit diesen beiden neuen Projekten decken wir nun folgende L\u00e4nder ab: Frankreich, Portugal, Ungarn, Italien und Spanien.<\/p>\n<\/div>\n\t\t\t\t\t\t\t\t\t<div class=\"details-trigger\">\n\t\t\t\t\t\t<a href=\"#\" class=\"btn btn-primary\">Mehr<\/a>\n\t\t\t\t\t<\/div>\n\t\t\t\t\t<div class=\"details\"><p><strong>WO BEFINDEN SICH DIE PROJEKTE IN DIESEN DREI L\u00c4NDERN?<\/strong><\/p>\n<p><strong>Ungarn: <\/strong><\/p>\n<p>Die Plantage befindet sich auf einem 8,29 Hektar gro\u00dfen Grundst\u00fcck im n\u00f6rdlichen Teil Ungarns, in der Gemeinde D\u00f6m\u00f6s.<\/p>\n<p>In D\u00f6m\u00f6s haben Schnee und Eis den Baumbestand stark besch\u00e4digt, der nun mit gro\u00dfen L\u00fccken und entwurzelten B\u00e4umen \u00fcbers\u00e4t ist. Es werden 12.433 B\u00e4ume verschiedener Arten gepflanzt, davon 2.500 mit Unterst\u00fctzung von Faurecia.<\/p>\n<p>Weitere 1.000 Setzlinge werden in die durch Naturereignisse entstandenen L\u00fccken gepflanzt, um diese zu bereichern und ihre nat\u00fcrliche Regeneration zu f\u00f6rdern. Parallel dazu wird dieser regelm\u00e4\u00dfige Bestand in einen unregelm\u00e4\u00dfigen Bestand umgewandelt, eine Bewirtschaftungsmethode, die dazu beitragen wird, den Waldbestand auf Dauer zu erhalten. Als Reaktion auf den Klimawandel werden haupts\u00e4chlich Eichen gepflanzt, aber auch andere Laubbaumarten.<\/p>\n<p><strong>Spanien:<\/strong><\/p>\n<p>Im Norden Spaniens in der Region Asturien ist dieses Projekt ist angesiedelt. Einem Gebiet mit sehr geringer Bev\u00f6lkerungsdichte. Grund daf\u00fcr war ein Brand, der den Wald, insbesondere die Pinus radiata, im Jahr 2017 verw\u00fcstete.<\/p>\n<p>Die Initiative ist Teil eines 450 Hektar gro\u00dfen Gebiets, das wiederhergestellt werden soll, wovon 300 Hektar bereits in Arbeit sind. Das Projekt wird an einem sehr steilen Hang (70 %) mit hohem Erosionsrisiko durchgef\u00fchrt und umfasst einen pr\u00e4ventiven Ansatz, Hightech-Grabarbeiten, eine verbesserte Aussaat und eine \u00dcberwachung per Drohne und Satellit. Der wiederhergestellte Waldbestand wird alle \u00f6kologischen, wirtschaftlichen und touristischen Vorteile des Waldes bieten. Dar\u00fcber hinaus steigert er bereits jetzt schon den wirtschaftlichen Wert der Region, da er von Pflanzern in einer Situation der beruflichen Wiedereingliederung durchgef\u00fchrt wird und Arbeitspl\u00e4tze schafft.<\/p>\n<p>Als Gemeinde, die als Zwischenstation auf dem ber\u00fchmten Jakobsweg bekannt ist, wird das Projekt auch dem lokalen Tourismus zugutekommen. Schlie\u00dflich werden die B\u00e4ume die Bodenerosion verringern, die Entwicklung der Artenvielfalt f\u00f6rdern und durch die Speicherung von Kohlenstoff zum Kampf gegen den Klimawandel beitragen.<\/p>\n<p><strong>Italien:<\/strong><\/p>\n<p>Der Wald von Pomino liegt in einer der sch\u00f6nsten Regionen Italiens (Toskana) und grenzt an den Waldnationalpark Casentinesi. Nach dem Zweiten Weltkrieg wurde dieser Wald vollst\u00e4ndig mit Douglasien bepflanzt, was die biologische Vielfalt des Gebietes erheblich reduzierte. Geben Sie diesem Wald seine ganze Vielfalt zur\u00fcck!<\/p>\n<p>Mehr Informationen unter: https:\/\/www.reforestaction.com\/faurecia-service<\/p>\n<\/div>\n\t\t\t\t\t\t\t<\/div>\n\t\t<\/div>\n\t\t\t\t\t\t<div class=\"box-news clearfix\">\n\t\t\t<div class=\"image\" data-files=\"https:\/\/www.faurecia-service.com\/wp-content\/uploads\/girl-presenter-faurecia-1080x607-1.jpg\">\n\t\t\t\t<img decoding=\"async\" src=\"https:\/\/www.faurecia-service.com\/wp-content\/uploads\/girl-presenter-faurecia-1080x607-1.jpg\" alt=\"\">\n\t\t\t<\/div>\n\t\t\t<div class=\"info\">\n\t\t\t\t<div class=\"title\">HELLA und Faurecia kooperieren im freien Ersatzteilgesch\u00e4ft<\/div>\n\t\t\t\t<div class=\"date\">10\/02\/2022<\/div>\n\t\t\t\t<div class=\"desc\"><p>HELLA und Faurecia b\u00fcndeln ihre Kr\u00e4fte und treten im Aftermarket zuk\u00fcnftig gemeinsam auf. So lassen sich bald auch Faurecia-Produkte \u00fcber die HELLA Aftermarket-Organisation beziehen. Durch B\u00fcndelung der Aktivit\u00e4ten profitieren Kunden nicht nur von einem umfassenden Serviceangebot, sondern vor allem von einem deutlich erweiterten Produktspektrum. W\u00e4hrend HELLA insbesondere f\u00fcr eine hohe Erstausr\u00fcstungskompetenz in den Bereichen Licht und Elektronik steht, zeichnet sich Faurecia unter anderem f\u00fcr eine hohe Expertise im Bereich von Abgasanlagen aus. Jedes vierte Auto weltweit ist mit einer Abgasanlage von Faurecia ausgestattet. Die gemeinsamen Aftermarket-Aktivit\u00e4ten starten zun\u00e4chst in diesem Bereich mit Easy2Fit\u00ae. Perspektivisch soll das Angebot schrittweise weiter ausgebaut werden.<\/p>\n<p>Nach der am 31. Januar 2022 vollzogenen \u00dcbernahme von HELLA durch Faurecia treten beide Unternehmen k\u00fcnftig unter der gemeinsamen Dachmarke FORVIA auf; zusammen bilden sie den siebtgr\u00f6\u00dften Automobilzulieferer weltweit. Unter diesem gemeinsamen Dach werden beide Unternehmen weiterhin als eigenst\u00e4ndige, b\u00f6rsennotierte Einheiten agieren und ihre rechtlichen Bezeichnungen als Faurecia SE und HELLA GmbH &amp; Co. KGaA beibehalten. Auch die Produktmarken HELLA, HELLA Gutmann, HELLA PAGID und HELLA VALUEFIT bleiben im freien Teilemarkt weiter bestehen.<\/p>\n<p>Mehr Info: <a href=\"http:\/\/www.faurecia.com\">www.faurecia.com<\/a><\/p>\n<\/div>\n\t\t\t\t\t\t\t<\/div>\n\t\t<\/div>\n\t\t\t\t\t\t<div class=\"box-news clearfix\">\n\t\t\t<div class=\"image\" data-files=\"https:\/\/www.faurecia-service.com\/wp-content\/uploads\/Faurecia_EquipAuto_HD-057.jpg\">\n\t\t\t\t<img decoding=\"async\" src=\"https:\/\/www.faurecia-service.com\/wp-content\/uploads\/Faurecia_EquipAuto_HD-057.jpg\" alt=\"\">\n\t\t\t<\/div>\n\t\t\t<div class=\"info\">\n\t\t\t\t<div class=\"title\">24 Stunden Lieferung in Deutschland ab sofort<\/div>\n\t\t\t\t<div class=\"date\">12\/11\/2021<\/div>\n\t\t\t\t<div class=\"desc\"><p>Seit dem 1. November liefert Faurecia Service innerhalb von 24 Stunden in ganz Deutschland.\u00a0 &#8222;Unser neues Logistikzentrum in Brandenburg erm\u00f6glicht eine rasche Bestellungsabwicklung, so dass unsere Kunden am n\u00e4chsten Tag ihre Ware erhalten k\u00f6nnen&#8220;, erkl\u00e4rt Sandra Verwied, Marketing und Commmunications Leiterin. Dieses neue Logistikmodell spart unseren Kunden\u00a0 Zeit und zus\u00e4tzliche Investitionen in ein eigenes Lager.<\/p>\n<\/div>\n\t\t\t\t\t\t\t<\/div>\n\t\t<\/div>\n\t\t\t\t\t\t<div class=\"box-news clearfix\">\n\t\t\t<div class=\"image\" data-files=\"https:\/\/www.faurecia-service.com\/wp-content\/uploads\/Portugal_DE.jpg\">\n\t\t\t\t<img decoding=\"async\" src=\"https:\/\/www.faurecia-service.com\/wp-content\/uploads\/Portugal_DE.jpg\" alt=\"\">\n\t\t\t<\/div>\n\t\t\t<div class=\"info\">\n\t\t\t\t<div class=\"title\">Faurecia pflanzt 2500 B\u00e4ume in Portugal<\/div>\n\t\t\t\t<div class=\"date\">20\/09\/2021<\/div>\n\t\t\t\t<div class=\"desc\"><p>Faurecia Service k\u00fcndigt ein neues Aufforstungsprojekt mit ReforestAction an.<\/p>\n<p>Unsere im Juni 2021 gestartete Zusammenarbeit mit ReforestAction erstreckt sich nun auf Portugal, wo 2500 B\u00e4ume bis Ende 2021 gepflanzt werden. Seit Jahren verw\u00fcsten die Sommerbr\u00e4nde die W\u00e4lder dieses Landes. Um die dramatischen Folgen zu mildern, tr\u00e4gt Reforest&#8217;Action zur Wiederaufforstung der verw\u00fcsteten Gebiete bei.<\/p>\n<p><strong>Warum haben Sie sich f\u00fcr Portugal entschieden?<\/strong><br \/>\nPortugal ist ein Land, in dem die Faurecia-Gruppe viele Mitarbeiter und mehrere Produktionsst\u00e4tten hat. Da dieses wundersch\u00f6ne Land sehr h\u00e4ufig von Gro\u00dfbr\u00e4nden heimgesucht wird, lag es f\u00fcr uns nahe, dort ein Aufforstungsprojekt zu unterst\u00fctzen.<br \/>\n<strong><br \/>\nWo befindet sich unser Projekt?<\/strong><br \/>\nWir haben beschlossen, das Projekt im S\u00fcden Porto zu unterst\u00fctzen und 2500 B\u00e4ume zu pflanzen.<br \/>\nDieses Projekt ist in den D\u00fcnenw\u00e4ldern von Tocha und Pataias, s\u00fcdlich von Porto, angesiedelt. Zu Beginn des 20. Jahrhunderts wurden dort ausgedehnte W\u00e4lder mit Seekiefern angelegt. Diese Kiefernw\u00e4lder begrenzen das Vordringen der D\u00fcnen durch die kombinierte Wirkung von Wind, Gezeiten und Meeresstr\u00f6mungen. Leider wurden diese W\u00e4lder im Jahr 2017 von einem heftigen Brand heimgesucht. Heute ist es dringend notwendig, sie wiederherzustellen.<\/p>\n<p>F\u00fcr weitere Informationen: www.reforestaction.com\/faurecia-service<\/p>\n<\/div>\n\t\t\t\t\t\t\t<\/div>\n\t\t<\/div>\n\t\t\t\t\t\t<div class=\"box-news clearfix\">\n\t\t\t<div class=\"image\" data-files=\"https:\/\/www.faurecia-service.com\/wp-content\/uploads\/reforest-de.jpg\">\n\t\t\t\t<img decoding=\"async\" src=\"https:\/\/www.faurecia-service.com\/wp-content\/uploads\/reforest-de.jpg\" alt=\"\">\n\t\t\t<\/div>\n\t\t\t<div class=\"info\">\n\t\t\t\t<div class=\"title\">Eine Geste f\u00fcr die Natur<\/div>\n\t\t\t\t<div class=\"date\">21\/06\/2021<\/div>\n\t\t\t\t<div class=\"desc\"><p><strong>Faurecia Service unterst\u00fctzt ReforestAction<\/strong><\/p>\n<p>Das Streben nach Innovationen f\u00fcr eine immer sauberere Mobilit\u00e4t und eine sauberere Umwelt ist seit jeher eines unserer Kernanliegen. Die Produkte von Faurecia Service k\u00f6nnen die Schadstoffemissionen von Fahrzeugen mit Verbrennungsmotoren sowie die mit ihren Abgasen verbundene L\u00e4rmbel\u00e4stigung erheblich reduzieren.<\/p>\n<p>In diesem Sinne und um unser Engagement f\u00fcr die Natur zu f\u00f6rdern, haben wir uns entschlossen, ReforestAction zu unterst\u00fctzen. Indem Sie sich f\u00fcr Partikelfilter und Katalysatoren von Faurecia Service entscheiden, unterst\u00fctzen Sie unsere Initiative und tragen zur Wiederaufforstung von W\u00e4ldern bei.<\/p>\n<p><strong>Erfahren Sie mehr \u00fcber ReforestAction:<\/strong><br \/>\n<a href=\"https:\/\/www.reforestaction.com\/faurecia-service\" target=\"_blank\" rel=\"noopener\">www.reforestaction.com\/faurecia-service<\/a><\/p>\n<p><strong>Vision und Strategie der Faurecia-Gruppe zur Reduzierung der CO<sub>2<\/sub>-Emissionen:<\/strong> <a href=\"https:\/\/www.faurecia.com\/newsroom\/neutralite-co2-vision-et-strategie-de-faurecia\" target=\"_blank\" rel=\"noopener\">www.faurecia.com\/newsroom\/neutralite-co2-vision-et-strategie-de-faurecia<\/a><\/p>\n<p><a href=\"https:\/\/www.faurecia-service.com\/wp-content\/uploads\/DE_Agir-ensemble-pour-les-ge\u0301ne\u0301rations-futures.pdf\" target=\"_blank\" rel=\"noopener\"><strong>Mehr Infos hier<\/strong><\/a><\/p>\n<\/div>\n\t\t\t\t\t\t\t<\/div>\n\t\t<\/div>\n\t\t\t\t\t\t<div class=\"box-news clearfix\">\n\t\t\t<div class=\"image\" data-files=\"https:\/\/www.faurecia-service.com\/wp-content\/uploads\/IMG_4962_2500px-e1621595091719.jpg\">\n\t\t\t\t<img decoding=\"async\" src=\"https:\/\/www.faurecia-service.com\/wp-content\/uploads\/IMG_4962_2500px-e1621595091719.jpg\" alt=\"\">\n\t\t\t<\/div>\n\t\t\t<div class=\"info\">\n\t\t\t\t<div class=\"title\">Teddy Roussel wird Director Europe f\u00fcr den Bereich Aftermarket<\/div>\n\t\t\t\t<div class=\"date\">27\/10\/2020<\/div>\n\t\t\t\t<div class=\"desc\"><p>Faurecia, ein weltweit f\u00fchrendes Technologieunternehmen in der Automobilbranche, ernennt Teddy Roussel zum Director Europe &#8222;Original Equipment Services&#8220; (OES) und Faurecia Service (IAM) bei Faurecia Clean Mobility. Seine Aufgabe wird sein, die Entwicklung des IAM-Gesch\u00e4fts von Faurecia Clean Mobility in Europa voranzutreiben.<\/p>\n<p>Teddy Roussel hat einen Master-Abschluss in Management und Einkauf der BWL-Hochschule IAE Savoie der Universit\u00e4t Savoie Mont Blanc in Frankreich. Er begann seine Karriere bei Faurecia im Jahr 2009 in der Einkaufsabteilung. Vor seiner neuen Position war Teddy Roussel seit 2017 Senior Manager OES bei Faurecia Clean Mobility Europe. Teddy Roussel l\u00f6st Jean-Daniel Jeunehomme ab, der neue Aufgaben innerhalb von Faurecia Clean Mobility \u00fcbernimmt.<\/p>\n<p><a href=\"https:\/\/www.faurecia-service.com\/wp-content\/uploads\/201027_Presseinfo_TeddyRoussel.pdf\">Pressemitteilung herunterladen<\/a><\/p>\n<\/div>\n\t\t\t\t\t\t\t<\/div>\n\t\t<\/div>\n\t\t\t\t\t\t<div class=\"box-news clearfix\">\n\t\t\t<div class=\"image\" data-files=\"https:\/\/www.faurecia-service.com\/wp-content\/uploads\/CLEPA_500pixel.jpg\">\n\t\t\t\t<img decoding=\"async\" src=\"https:\/\/www.faurecia-service.com\/wp-content\/uploads\/CLEPA_500pixel.jpg\" alt=\"\">\n\t\t\t<\/div>\n\t\t\t<div class=\"info\">\n\t\t\t\t<div class=\"title\">Faurecia Service ist Platin Sponsor der CLEPA Aftermarket Conference<\/div>\n\t\t\t\t<div class=\"date\">28\/04\/2020<\/div>\n\t\t\t\t<div class=\"desc\"><p>Aufgrund der aktuellen Situation wurde die <strong>CLEPA Aftermarket Conference 2020<\/strong> verschoben und findet nun <strong>am 03. und 04. M\u00e4rz 2021<\/strong> in Br\u00fcssel statt.<\/p>\n<p>Faurecia Service ist <strong>Platin Sponsor<\/strong> dieser <strong>f\u00fchrenden europ\u00e4ischen Aftermarket Konferenz.<\/strong><\/p>\n<p>CLEPA ist ein Verband, der \u00fcber 3000 Automobilunternehmen und deren Produkte repr\u00e4sentiert, sowie Automobilzulieferer mit nationalen Handelsverb\u00e4nden und europ\u00e4ischen Branchenverb\u00e4nden vereint.<\/p>\n<p><a href=\"https:\/\/clepa.eu\/events\/clepa-2020-aftermarket-conference\/\">Klicken Sie hier f\u00fcr mehr Informationen<\/a><\/p>\n<\/div>\n\t\t\t\t\t\t\t<\/div>\n\t\t<\/div>\n\t\t\t\t\t\t<div class=\"box-news clearfix\">\n\t\t\t<div class=\"image\" data-files=\"https:\/\/www.faurecia-service.com\/wp-content\/uploads\/191112_Faurecia_News_600x400px.jpg\">\n\t\t\t\t<img decoding=\"async\" src=\"https:\/\/www.faurecia-service.com\/wp-content\/uploads\/191112_Faurecia_News_600x400px.jpg\" alt=\"\">\n\t\t\t<\/div>\n\t\t\t<div class=\"info\">\n\t\t\t\t<div class=\"title\">Faurecia Service und A.T.U. starten Pilotprojekt f\u00fcr Diselpartikelfilter-Reinigung<\/div>\n\t\t\t\t<div class=\"date\">12\/11\/2019<\/div>\n\t\t\t\t<div class=\"desc\"><p>Faurecia Service, die Aftermarket-Sparte des Technologieunternehmens Faurecia, startet im Dezember ein Pilotprojekt zur Dieselpartikelfilter-Reinigung mit den A.T.U Meisterwerkst\u00e4tten. Bei der Aktion, die vom 4. bis 19. Dezember in insgesamt 18 Werkst\u00e4tten* in und um Stuttgart angeboten wird, k\u00f6nnen PKW-Besitzer ihre Dieselpartikelfilter (DPF) in der von Faurecia Service entwickelten FilterCleanBox reinigen lassen. Die Reinigung des DPF dauert inkl. Aus- und Einbau des DPF nur ca. eine Stunde, sorgt aber f\u00fcr eine deutliche Verl\u00e4ngerung der Lebensdauer des Filters.<\/p>\n<p><a href=\"\/wp-content\/uploads\/191107_Faurecia-Service_ATU_Pilotprojekt_VALIDATED.pdf\" target=\"_blank\" rel=\"noopener\">Pressemitteilung herunterladen<\/a><\/p>\n<\/div>\n\t\t\t\t\t\t\t<\/div>\n\t\t<\/div>\n\t\t\t\t\t\t<div class=\"box-news clearfix\">\n\t\t\t<div class=\"image\" data-files=\"https:\/\/www.faurecia-service.com\/wp-content\/uploads\/Faurecia_EquipAuto_HD-petite.jpg\">\n\t\t\t\t<img decoding=\"async\" src=\"https:\/\/www.faurecia-service.com\/wp-content\/uploads\/Faurecia_EquipAuto_HD-petite.jpg\" alt=\"\">\n\t\t\t<\/div>\n\t\t\t<div class=\"info\">\n\t\t\t\t<div class=\"title\">FilterCleanBox und Launch von SCR Systemen auf der EquipAuto in Paris<\/div>\n\t\t\t\t<div class=\"date\">30\/10\/2019<\/div>\n\t\t\t\t<div class=\"desc\"><p>Mitte Oktober 2019 fand die EquipAuto-Ausstellung in Paris, eine der gr\u00f6\u00dften Aftermarket Messen, statt. Faurecia Service pr\u00e4sentierte die <strong>FilterCleanBox<\/strong>, die durch Hochdruckreinigung die Lebensdauer eines DPF (Dieselpartikelfilter) verl\u00e4ngert, sowie <strong>Easy2Fit<\/strong>, kompakt gehaltene Abgas-Systeme, die einfach zu montieren, transportieren und lagern sind. Die einfache Montage wurde durch einen Einbau-Wettbewerb mit Messung der ben\u00f6tigten Zeit pro Person demonstriert. Zudem launchte Faurecia Service dort <strong>die ersten SCR-Systeme<\/strong> f\u00fcr den Aftermarket!<\/p>\n<p><a href=\"https:\/\/www.youtube.com\/watch?v=iP9uCUOtwZ4\">Hier geht&#8217;s zum Video<\/a><\/p>\n<\/div>\n\t\t\t\t\t\t\t<\/div>\n\t\t<\/div>\n\t\t\t\t\t\t<div class=\"box-news clearfix\">\n\t\t\t<div class=\"image\" data-files=\"https:\/\/www.faurecia-service.com\/wp-content\/uploads\/News_600x400px_EquipAuto_EN_neu.jpg\">\n\t\t\t\t<img decoding=\"async\" src=\"https:\/\/www.faurecia-service.com\/wp-content\/uploads\/News_600x400px_EquipAuto_EN_neu.jpg\" alt=\"\">\n\t\t\t<\/div>\n\t\t\t<div class=\"info\">\n\t\t\t\t<div class=\"title\">Faurecia Service pr\u00e4sentiert SCR-systeme f\u00fcr den freien Ersatzteilemarkt<\/div>\n\t\t\t\t<div class=\"date\">17\/10\/2019<\/div>\n\t\t\t\t<div class=\"desc\"><p>Auf der EquipAuto 2019 pr\u00e4sentiert Faurecia Service eine weltweit exklusive Palette von 6 SCR-Systemen f\u00fcr den Aftermarket. Diese SCR-Systeme werden unter der Marke Easy2Fit\u00ae vertrieben und stellen eine neue M\u00f6glichkeit f\u00fcr unabh\u00e4ngige Werkst\u00e4tten dar, da der Markt bisher den Netzwerken der Hersteller vorbehalten war.<\/p>\n<p><a href=\"\/wp-content\/uploads\/PR-EquipAuto-SCR-DE-Valid.pdf\" target=\"_blank\" rel=\"noopener\">Pressemitteilung herunterladen<\/a><\/p>\n<\/div>\n\t\t\t\t\t\t\t<\/div>\n\t\t<\/div>\n\t\t\t\t\t\t<div class=\"box-news clearfix\">\n\t\t\t<div class=\"image\" data-files=\"https:\/\/www.faurecia-service.com\/wp-content\/uploads\/News_600x400px_EquipAuto_EN_neu.jpg\">\n\t\t\t\t<img decoding=\"async\" src=\"https:\/\/www.faurecia-service.com\/wp-content\/uploads\/News_600x400px_EquipAuto_EN_neu.jpg\" alt=\"\">\n\t\t\t<\/div>\n\t\t\t<div class=\"info\">\n\t\t\t\t<div class=\"title\">Equip\u2019Auto 2019 \u2013 Paris<\/div>\n\t\t\t\t<div class=\"date\">27\/06\/2019<\/div>\n\t\t\t\t<div class=\"desc\"><p>Faurecia Service wird vom 15. bis 19. Oktober 2019 an der <a href=\"https:\/\/www.equipauto.com\/\" target=\"_blank\" rel=\"noopener\">Equip\u2019Auto<\/a> in Paris, Porte de Versailles, teilnehmen. Wir freuen uns, Sie in Halle 1, Stand 1H044 zu treffen, um Ihnen unsere neuesten Innovationen im Bereich Abgas zu pr\u00e4sentieren.<\/p>\n<\/div>\n\t\t\t\t\t\t\t<\/div>\n\t\t<\/div>\n\t\t\t\t\t\t<div class=\"box-news clearfix\">\n\t\t\t<div class=\"image\" data-files=\"https:\/\/www.faurecia-service.com\/wp-content\/uploads\/News_600x400px_TecAllianca.jpg\">\n\t\t\t\t<img decoding=\"async\" src=\"https:\/\/www.faurecia-service.com\/wp-content\/uploads\/News_600x400px_TecAllianca.jpg\" alt=\"\">\n\t\t\t<\/div>\n\t\t\t<div class=\"info\">\n\t\t\t\t<div class=\"title\">Easy2Fit in TecDoc<\/div>\n\t\t\t\t<div class=\"date\">15\/06\/2019<\/div>\n\t\t\t\t<div class=\"desc\"><p>Wir freuen uns, Ihnen mitteilen zu k\u00f6nnen, dass unsere Easy2Fit-Produkte ab sofort im TecDoc-Katalog zu finden sind. TecDoc ist einer der weltweit f\u00fchrenden Ersatzteilkataloge. Faurecia Service arbeitet t\u00e4glich an der Qualit\u00e4t seiner Daten, um Profis dabei zu unterst\u00fctzen, die richtigen Easy2Fit-Teile f\u00fcr ihren Bedarf zu finden.<\/p>\n<\/div>\n\t\t\t\t\t\t\t<\/div>\n\t\t<\/div>\n\t\t\t\t\t\t<div class=\"box-news clearfix\">\n\t\t\t<div class=\"image\" data-files=\"https:\/\/www.faurecia-service.com\/wp-content\/uploads\/News_600x400px_CONNECT-1.jpg\">\n\t\t\t\t<img decoding=\"async\" src=\"https:\/\/www.faurecia-service.com\/wp-content\/uploads\/News_600x400px_CONNECT-1.jpg\" alt=\"\">\n\t\t\t<\/div>\n\t\t\t<div class=\"info\">\n\t\t\t\t<div class=\"title\">Faurecia Service at #CONNECT \u2013 Deauville, France<\/div>\n\t\t\t\t<div class=\"date\">13\/05\/2019<\/div>\n\t\t\t\t<div class=\"desc\"><p>Faurecia Service wird auf der <a href=\"https:\/\/evenements.infopro-digital.com\/infopro\/evenement-connect-aftermarket-2019-2019-p-9724\" target=\"_blank\" rel=\"noopener\">#CONNECT Conference<\/a> in Deauville vom 16. bis 17. Mai 2019 die FilterCleanBox vorstellen.<\/p>\n<\/div>\n\t\t\t\t\t\t\t<\/div>\n\t\t<\/div>\n\t\t\t\t\t\n\t<div id=\"box-news-zoom\">\n\t\t<div class=\"outer\">\n\t\t\t<a href=\"#\" class=\"close\">Schlie\u00dfen<\/a>\n\t\t\t<a href=\"#\" class=\"next\">&gt;<\/a>\n\t\t\t<a href=\"#\" class=\"prev\">&lt;<\/a>\n\t\t\t<div class=\"inner\">\n\t\t\t\t<div class=\"image\"><\/div>\n\t\t\t<\/div>\n\t\t<\/div>\n\t<\/div>\n<\/div>","protected":false},"excerpt":{"rendered":"<p>News<\/p>\n","protected":false},"author":1,"featured_media":0,"parent":0,"menu_order":0,"comment_status":"closed","ping_status":"closed","template":"","meta":{"_acf_changed":false,"footnotes":""},"class_list":["post-2023","page","type-page","status-publish","hentry"],"acf":[],"yoast_head":"<!-- This site is optimized with the Yoast SEO plugin v27.5 - https:\/\/yoast.com\/product\/yoast-seo-wordpress\/ -->\n<title>News - Faurecia<\/title>\n<meta name=\"robots\" content=\"index, follow, max-snippet:-1, max-image-preview:large, max-video-preview:-1\" \/>\n<link rel=\"canonical\" href=\"https:\/\/www.faurecia-service.com\/de\/news\/\" \/>\n<meta property=\"og:locale\" content=\"de_DE\" \/>\n<meta property=\"og:type\" content=\"article\" \/>\n<meta property=\"og:title\" content=\"News - Faurecia\" \/>\n<meta property=\"og:description\" content=\"News\" \/>\n<meta property=\"og:url\" content=\"https:\/\/www.faurecia-service.com\/de\/news\/\" \/>\n<meta property=\"og:site_name\" content=\"Faurecia\" \/>\n<meta property=\"article:modified_time\" content=\"2022-06-29T13:50:28+00:00\" \/>\n<meta name=\"twitter:card\" content=\"summary_large_image\" \/>\n<meta name=\"twitter:label1\" content=\"Gesch\u00e4tzte Lesezeit\" \/>\n\t<meta name=\"twitter:data1\" content=\"1\u00a0Minute\" \/>\n<script type=\"application\/ld+json\" class=\"yoast-schema-graph\">{\"@context\":\"https:\\\/\\\/schema.org\",\"@graph\":[{\"@type\":\"WebPage\",\"@id\":\"https:\\\/\\\/www.faurecia-service.com\\\/de\\\/news\\\/\",\"url\":\"https:\\\/\\\/www.faurecia-service.com\\\/de\\\/news\\\/\",\"name\":\"News - Faurecia\",\"isPartOf\":{\"@id\":\"https:\\\/\\\/www.faurecia-service.com\\\/#website\"},\"datePublished\":\"2019-07-18T14:21:32+00:00\",\"dateModified\":\"2022-06-29T13:50:28+00:00\",\"breadcrumb\":{\"@id\":\"https:\\\/\\\/www.faurecia-service.com\\\/de\\\/news\\\/#breadcrumb\"},\"inLanguage\":\"de\",\"potentialAction\":[{\"@type\":\"ReadAction\",\"target\":[\"https:\\\/\\\/www.faurecia-service.com\\\/de\\\/news\\\/\"]}]},{\"@type\":\"BreadcrumbList\",\"@id\":\"https:\\\/\\\/www.faurecia-service.com\\\/de\\\/news\\\/#breadcrumb\",\"itemListElement\":[{\"@type\":\"ListItem\",\"position\":1,\"name\":\"Startseite\",\"item\":\"https:\\\/\\\/www.faurecia-service.com\\\/de\\\/\"},{\"@type\":\"ListItem\",\"position\":2,\"name\":\"News\"}]},{\"@type\":\"WebSite\",\"@id\":\"https:\\\/\\\/www.faurecia-service.com\\\/#website\",\"url\":\"https:\\\/\\\/www.faurecia-service.com\\\/\",\"name\":\"Faurecia\",\"description\":\"Eine weitere WordPress-Website\",\"potentialAction\":[{\"@type\":\"SearchAction\",\"target\":{\"@type\":\"EntryPoint\",\"urlTemplate\":\"https:\\\/\\\/www.faurecia-service.com\\\/?s={search_term_string}\"},\"query-input\":{\"@type\":\"PropertyValueSpecification\",\"valueRequired\":true,\"valueName\":\"search_term_string\"}}],\"inLanguage\":\"de\"}]}<\/script>\n<!-- \/ Yoast SEO plugin. -->","yoast_head_json":{"title":"News - Faurecia","robots":{"index":"index","follow":"follow","max-snippet":"max-snippet:-1","max-image-preview":"max-image-preview:large","max-video-preview":"max-video-preview:-1"},"canonical":"https:\/\/www.faurecia-service.com\/de\/news\/","og_locale":"de_DE","og_type":"article","og_title":"News - Faurecia","og_description":"News","og_url":"https:\/\/www.faurecia-service.com\/de\/news\/","og_site_name":"Faurecia","article_modified_time":"2022-06-29T13:50:28+00:00","twitter_card":"summary_large_image","twitter_misc":{"Gesch\u00e4tzte Lesezeit":"1\u00a0Minute"},"schema":{"@context":"https:\/\/schema.org","@graph":[{"@type":"WebPage","@id":"https:\/\/www.faurecia-service.com\/de\/news\/","url":"https:\/\/www.faurecia-service.com\/de\/news\/","name":"News - Faurecia","isPartOf":{"@id":"https:\/\/www.faurecia-service.com\/#website"},"datePublished":"2019-07-18T14:21:32+00:00","dateModified":"2022-06-29T13:50:28+00:00","breadcrumb":{"@id":"https:\/\/www.faurecia-service.com\/de\/news\/#breadcrumb"},"inLanguage":"de","potentialAction":[{"@type":"ReadAction","target":["https:\/\/www.faurecia-service.com\/de\/news\/"]}]},{"@type":"BreadcrumbList","@id":"https:\/\/www.faurecia-service.com\/de\/news\/#breadcrumb","itemListElement":[{"@type":"ListItem","position":1,"name":"Startseite","item":"https:\/\/www.faurecia-service.com\/de\/"},{"@type":"ListItem","position":2,"name":"News"}]},{"@type":"WebSite","@id":"https:\/\/www.faurecia-service.com\/#website","url":"https:\/\/www.faurecia-service.com\/","name":"Faurecia","description":"Eine weitere WordPress-Website","potentialAction":[{"@type":"SearchAction","target":{"@type":"EntryPoint","urlTemplate":"https:\/\/www.faurecia-service.com\/?s={search_term_string}"},"query-input":{"@type":"PropertyValueSpecification","valueRequired":true,"valueName":"search_term_string"}}],"inLanguage":"de"}]}},"_links":{"self":[{"href":"https:\/\/www.faurecia-service.com\/de\/wp-json\/wp\/v2\/pages\/2023","targetHints":{"allow":["GET"]}}],"collection":[{"href":"https:\/\/www.faurecia-service.com\/de\/wp-json\/wp\/v2\/pages"}],"about":[{"href":"https:\/\/www.faurecia-service.com\/de\/wp-json\/wp\/v2\/types\/page"}],"author":[{"embeddable":true,"href":"https:\/\/www.faurecia-service.com\/de\/wp-json\/wp\/v2\/users\/1"}],"replies":[{"embeddable":true,"href":"https:\/\/www.faurecia-service.com\/de\/wp-json\/wp\/v2\/comments?post=2023"}],"version-history":[{"count":93,"href":"https:\/\/www.faurecia-service.com\/de\/wp-json\/wp\/v2\/pages\/2023\/revisions"}],"predecessor-version":[{"id":3790,"href":"https:\/\/www.faurecia-service.com\/de\/wp-json\/wp\/v2\/pages\/2023\/revisions\/3790"}],"wp:attachment":[{"href":"https:\/\/www.faurecia-service.com\/de\/wp-json\/wp\/v2\/media?parent=2023"}],"curies":[{"name":"wp","href":"https:\/\/api.w.org\/{rel}","templated":true}]}}