{"id":2046,"date":"2019-07-18T16:34:54","date_gmt":"2019-07-18T14:34:54","guid":{"rendered":"http:\/\/faurecia-service.com\/?page_id=2046"},"modified":"2022-07-12T15:27:40","modified_gmt":"2022-07-12T13:27:40","slug":"de-linnovation-pour-laftermarket","status":"publish","type":"page","link":"https:\/\/www.faurecia-service.com\/fr\/","title":{"rendered":"De l\u2019innovation pour l\u2019aftermarket"},"content":{"rendered":"\n<h1 class=\"wp-block-heading\"> De l\u2019innovation pour l\u2019aftermarket<\/h1>\n\n\n\n<h2 class=\"has-text-align-center wp-block-heading\"> Le savoir-faire de l\u2019\u00e9quipement d\u2019origine appliqu\u00e9 au march\u00e9 de la rechange<\/h2>\n\n\n\n<p class=\"has-text-align-center\"> S&rsquo;appuyant sur l\u2019exp\u00e9rience du groupe Faurecia dans l&rsquo;\u00e9quipement d&rsquo;origine, Faurecia Service propose aujourd&rsquo;hui des produits et des solutions innovants pour le march\u00e9 de la rechange automobile. Nos standards de haute qualit\u00e9 se concentrent sur des solutions durables, respectueuses de l&rsquo;environnement. Cette approche nous permet de d\u00e9velopper des produits premium qui profitent \u00e0 nos clients et \u00e0 l&rsquo;environnement sur le long terme.<\/p>\n\n\n\n<div style=\"height:10px\" aria-hidden=\"true\" class=\"wp-block-spacer\"><\/div>\n\n\n\n<div class=\"faurecia-teaser  b5-animated\" id=\"faurecia-teaser-block_60a4efb846617\">\t\n\t<a href=\"https:\/\/www.faurecia-service.com\/fr\/produits\/easy2fit-lechappement-en-kit-tout-inclus\/\" class=\"faurecia-teaser__link\">\t\n\t\t<div class=\"faurecia-teaser__cols\">\n\t\t\t\t\t\t<div class=\"faurecia-teaser__image\">\n\t\t\t\t<img decoding=\"async\" src=\"https:\/\/www.faurecia-service.com\/wp-content\/uploads\/box-home-easy2fit.png\" alt=\"\" \/>\n\t\t\t<\/div>\n\t\t\t<div class=\"faurecia-teaser__text\">\n\t\t\t\t<div class=\"faurecia-teaser__titel\"><p><img decoding=\"async\" style=\"width: 180px; height: auto;\" src=\"\/wp-content\/themes\/faurecia\/img\/logo-easy2fit.svg\" alt=\"Easy2Fit\" \/><\/p>\n<\/div>\n\t\t\t\t<div class=\"faurecia-teaser__subtitel\"><h2>Nos kits tout-en-un<\/h2><\/div>\n\t\t\t\t<div class=\"faurecia-teaser__subtext\">D\u00e9couvrez nos kits d\u2019\u00e9chappement innovants : faciles \u00e0 installer avec tous les accessoires pour le montage \u00e0 l\u2019int\u00e9rieur de la bo\u00eete et optimis\u00e9s pour la logistique.<\/div>\n\t\t\t<\/div>\n\t\t\t\t\t<\/div>\n\t<\/a>\t\n<\/div>\n\n\n<div class=\"faurecia-teaser  b5-animated\" id=\"faurecia-teaser-block_60a4eff046618\">\t\n\t<a href=\"https:\/\/www.faurecia-service.com\/fr\/produits\/filtres-a-particules-diesel-fap\/\" class=\"faurecia-teaser__link\">\t\n\t\t<div class=\"faurecia-teaser__cols\">\n\t\t\t\t\t\t<div class=\"faurecia-teaser__text\">\n\t\t\t\t<div class=\"faurecia-teaser__titel\"><p><span class=\"has-primary-pink-color\">FAP<\/span> neufs et r\u00e9nov\u00e9s<\/p>\n<\/div>\n\t\t\t\t<div class=\"faurecia-teaser__subtitel\"><h2>Nos FAP neufs ou r\u00e9nov\u00e9s<\/h2><\/div>\n\t\t\t\t<div class=\"faurecia-teaser__subtext\">Offrez \u00e0 vos clients des FAP premium en Silicium, neufs ou r\u00e9nov\u00e9s.<\/div>\n\t\t\t<\/div>\n\t\t\t<div class=\"faurecia-teaser__image\">\n\t\t\t\t<img decoding=\"async\" src=\"https:\/\/www.faurecia-service.com\/wp-content\/uploads\/box-home-dpf.png\" alt=\"\" \/>\n\t\t\t<\/div>\n\t\t\t\t\t<\/div>\n\t<\/a>\t\n<\/div>\n\n\n<div style=\"height:20px\" aria-hidden=\"true\" class=\"wp-block-spacer\"><\/div>\n\n\n\n<h2 class=\"has-text-align-center wp-block-heading\"> Une offre compl\u00e8te pour les syst\u00e8mes d\u2019\u00e9chappement<\/h2>\n\n\n\n<p class=\"has-text-align-center\"> Faurecia&nbsp;Service propose une solution adapt\u00e9e \u00e0 chaque type de v\u00e9hicule. Qu\u2019il s\u2019agisse de Filtres \u00e0 Particules (FAP) remis \u00e0 neuf ou de pi\u00e8ces neuves avec notre gamme Easy2Fit (catalyseurs, FAP, silencieux, ligne compl\u00e8te, accessoires de montage) : nos produits et solutions \u00e9tablissent de nouvelles normes sur le march\u00e9 des syst\u00e8mes d\u2019\u00e9chappement.<\/p>\n\n\n<div class=\"faurecia-quote  \" id=\"faurecia-quote-block_5cdc468a1f6f3\">\n\t\t\t<p class=\"quote-content\">Notre expertise et notre r\u00e9seau mondial font de Faurecia Service le partenaire id\u00e9al pour les distributeurs de l\u2019Aftermarket.<\/p>\n\t\t\t\t<span class=\"quote-author\">\n\t\t\tFaurecia Service\t\t\t\t\t<\/span>\n\t<\/div>","protected":false},"excerpt":{"rendered":"<p>De l\u2019innovation pour l\u2019aftermarket Le savoir-faire de l\u2019\u00e9quipement d\u2019origine appliqu\u00e9 au march\u00e9 de la rechange S&rsquo;appuyant sur l\u2019exp\u00e9rience du groupe&#8230;<\/p>\n","protected":false},"author":1,"featured_media":0,"parent":0,"menu_order":0,"comment_status":"closed","ping_status":"open","template":"","meta":{"_acf_changed":false,"footnotes":""},"class_list":["post-2046","page","type-page","status-publish","hentry"],"acf":[],"yoast_head":"<!-- This site is optimized with the Yoast SEO plugin v27.5 - https:\/\/yoast.com\/product\/yoast-seo-wordpress\/ -->\n<title>PR, Pi\u00e8ces d\u00e9tach\u00e9es automobiles\u00a0: syst\u00e8mes d\u2019\u00e9chappement, filtre \u00e0 particules (FAP)<\/title>\n<meta name=\"description\" content=\"Solutions innovantes, pi\u00e8ces de rechange, pi\u00e8ces d\u00e9tach\u00e9es pour syst\u00e8mes d\u2019\u00e9chappement, filtre \u00e0 particules (FAP) pour grossistes\u00a0: le professionnel du march\u00e9 de l\u2019apr\u00e8s-vente automobile\" \/>\n<meta name=\"robots\" content=\"index, follow, max-snippet:-1, max-image-preview:large, max-video-preview:-1\" \/>\n<link rel=\"canonical\" href=\"https:\/\/www.faurecia-service.com\/fr\/\" \/>\n<meta property=\"og:locale\" content=\"fr_FR\" \/>\n<meta property=\"og:type\" content=\"article\" \/>\n<meta property=\"og:title\" content=\"PR, Pi\u00e8ces d\u00e9tach\u00e9es automobiles\u00a0: syst\u00e8mes d\u2019\u00e9chappement, filtre \u00e0 particules (FAP)\" \/>\n<meta property=\"og:description\" content=\"Solutions innovantes, pi\u00e8ces de rechange, pi\u00e8ces d\u00e9tach\u00e9es pour syst\u00e8mes d\u2019\u00e9chappement, filtre \u00e0 particules (FAP) pour grossistes\u00a0: le professionnel du march\u00e9 de l\u2019apr\u00e8s-vente automobile\" \/>\n<meta property=\"og:url\" content=\"https:\/\/www.faurecia-service.com\/fr\/\" \/>\n<meta property=\"og:site_name\" content=\"Faurecia\" \/>\n<meta property=\"article:modified_time\" content=\"2022-07-12T13:27:40+00:00\" \/>\n<meta name=\"twitter:card\" content=\"summary_large_image\" \/>\n<meta name=\"twitter:label1\" content=\"Dur\u00e9e de lecture estim\u00e9e\" \/>\n\t<meta name=\"twitter:data1\" content=\"1 minute\" \/>\n<script type=\"application\/ld+json\" class=\"yoast-schema-graph\">{\"@context\":\"https:\\\/\\\/schema.org\",\"@graph\":[{\"@type\":\"WebPage\",\"@id\":\"https:\\\/\\\/www.faurecia-service.com\\\/fr\\\/\",\"url\":\"https:\\\/\\\/www.faurecia-service.com\\\/fr\\\/\",\"name\":\"PR, Pi\u00e8ces d\u00e9tach\u00e9es automobiles\u00a0: syst\u00e8mes d\u2019\u00e9chappement, filtre \u00e0 particules (FAP)\",\"isPartOf\":{\"@id\":\"https:\\\/\\\/www.faurecia-service.com\\\/#website\"},\"datePublished\":\"2019-07-18T14:34:54+00:00\",\"dateModified\":\"2022-07-12T13:27:40+00:00\",\"description\":\"Solutions innovantes, pi\u00e8ces de rechange, pi\u00e8ces d\u00e9tach\u00e9es pour syst\u00e8mes d\u2019\u00e9chappement, filtre \u00e0 particules (FAP) pour grossistes\u00a0: le professionnel du march\u00e9 de l\u2019apr\u00e8s-vente automobile\",\"breadcrumb\":{\"@id\":\"https:\\\/\\\/www.faurecia-service.com\\\/fr\\\/#breadcrumb\"},\"inLanguage\":\"fr-FR\",\"potentialAction\":[{\"@type\":\"ReadAction\",\"target\":[\"https:\\\/\\\/www.faurecia-service.com\\\/fr\\\/\"]}]},{\"@type\":\"BreadcrumbList\",\"@id\":\"https:\\\/\\\/www.faurecia-service.com\\\/fr\\\/#breadcrumb\",\"itemListElement\":[{\"@type\":\"ListItem\",\"position\":1,\"name\":\"Startseite\",\"item\":\"https:\\\/\\\/www.faurecia-service.com\\\/fr\\\/\"},{\"@type\":\"ListItem\",\"position\":2,\"name\":\"De l\u2019innovation pour l\u2019aftermarket\"}]},{\"@type\":\"WebSite\",\"@id\":\"https:\\\/\\\/www.faurecia-service.com\\\/#website\",\"url\":\"https:\\\/\\\/www.faurecia-service.com\\\/\",\"name\":\"Faurecia\",\"description\":\"Eine weitere WordPress-Website\",\"potentialAction\":[{\"@type\":\"SearchAction\",\"target\":{\"@type\":\"EntryPoint\",\"urlTemplate\":\"https:\\\/\\\/www.faurecia-service.com\\\/?s={search_term_string}\"},\"query-input\":{\"@type\":\"PropertyValueSpecification\",\"valueRequired\":true,\"valueName\":\"search_term_string\"}}],\"inLanguage\":\"fr-FR\"}]}<\/script>\n<!-- \/ Yoast SEO plugin. -->","yoast_head_json":{"title":"PR, Pi\u00e8ces d\u00e9tach\u00e9es automobiles\u00a0: syst\u00e8mes d\u2019\u00e9chappement, filtre \u00e0 particules (FAP)","description":"Solutions innovantes, pi\u00e8ces de rechange, pi\u00e8ces d\u00e9tach\u00e9es pour syst\u00e8mes d\u2019\u00e9chappement, filtre \u00e0 particules (FAP) pour grossistes\u00a0: le professionnel du march\u00e9 de l\u2019apr\u00e8s-vente automobile","robots":{"index":"index","follow":"follow","max-snippet":"max-snippet:-1","max-image-preview":"max-image-preview:large","max-video-preview":"max-video-preview:-1"},"canonical":"https:\/\/www.faurecia-service.com\/fr\/","og_locale":"fr_FR","og_type":"article","og_title":"PR, Pi\u00e8ces d\u00e9tach\u00e9es automobiles\u00a0: syst\u00e8mes d\u2019\u00e9chappement, filtre \u00e0 particules (FAP)","og_description":"Solutions innovantes, pi\u00e8ces de rechange, pi\u00e8ces d\u00e9tach\u00e9es pour syst\u00e8mes d\u2019\u00e9chappement, filtre \u00e0 particules (FAP) pour grossistes\u00a0: le professionnel du march\u00e9 de l\u2019apr\u00e8s-vente automobile","og_url":"https:\/\/www.faurecia-service.com\/fr\/","og_site_name":"Faurecia","article_modified_time":"2022-07-12T13:27:40+00:00","twitter_card":"summary_large_image","twitter_misc":{"Dur\u00e9e de lecture estim\u00e9e":"1 minute"},"schema":{"@context":"https:\/\/schema.org","@graph":[{"@type":"WebPage","@id":"https:\/\/www.faurecia-service.com\/fr\/","url":"https:\/\/www.faurecia-service.com\/fr\/","name":"PR, Pi\u00e8ces d\u00e9tach\u00e9es automobiles\u00a0: syst\u00e8mes d\u2019\u00e9chappement, filtre \u00e0 particules (FAP)","isPartOf":{"@id":"https:\/\/www.faurecia-service.com\/#website"},"datePublished":"2019-07-18T14:34:54+00:00","dateModified":"2022-07-12T13:27:40+00:00","description":"Solutions innovantes, pi\u00e8ces de rechange, pi\u00e8ces d\u00e9tach\u00e9es pour syst\u00e8mes d\u2019\u00e9chappement, filtre \u00e0 particules (FAP) pour grossistes\u00a0: le professionnel du march\u00e9 de l\u2019apr\u00e8s-vente automobile","breadcrumb":{"@id":"https:\/\/www.faurecia-service.com\/fr\/#breadcrumb"},"inLanguage":"fr-FR","potentialAction":[{"@type":"ReadAction","target":["https:\/\/www.faurecia-service.com\/fr\/"]}]},{"@type":"BreadcrumbList","@id":"https:\/\/www.faurecia-service.com\/fr\/#breadcrumb","itemListElement":[{"@type":"ListItem","position":1,"name":"Startseite","item":"https:\/\/www.faurecia-service.com\/fr\/"},{"@type":"ListItem","position":2,"name":"De l\u2019innovation pour l\u2019aftermarket"}]},{"@type":"WebSite","@id":"https:\/\/www.faurecia-service.com\/#website","url":"https:\/\/www.faurecia-service.com\/","name":"Faurecia","description":"Eine weitere WordPress-Website","potentialAction":[{"@type":"SearchAction","target":{"@type":"EntryPoint","urlTemplate":"https:\/\/www.faurecia-service.com\/?s={search_term_string}"},"query-input":{"@type":"PropertyValueSpecification","valueRequired":true,"valueName":"search_term_string"}}],"inLanguage":"fr-FR"}]}},"_links":{"self":[{"href":"https:\/\/www.faurecia-service.com\/fr\/wp-json\/wp\/v2\/pages\/2046","targetHints":{"allow":["GET"]}}],"collection":[{"href":"https:\/\/www.faurecia-service.com\/fr\/wp-json\/wp\/v2\/pages"}],"about":[{"href":"https:\/\/www.faurecia-service.com\/fr\/wp-json\/wp\/v2\/types\/page"}],"author":[{"embeddable":true,"href":"https:\/\/www.faurecia-service.com\/fr\/wp-json\/wp\/v2\/users\/1"}],"replies":[{"embeddable":true,"href":"https:\/\/www.faurecia-service.com\/fr\/wp-json\/wp\/v2\/comments?post=2046"}],"version-history":[{"count":80,"href":"https:\/\/www.faurecia-service.com\/fr\/wp-json\/wp\/v2\/pages\/2046\/revisions"}],"predecessor-version":[{"id":3985,"href":"https:\/\/www.faurecia-service.com\/fr\/wp-json\/wp\/v2\/pages\/2046\/revisions\/3985"}],"wp:attachment":[{"href":"https:\/\/www.faurecia-service.com\/fr\/wp-json\/wp\/v2\/media?parent=2046"}],"curies":[{"name":"wp","href":"https:\/\/api.w.org\/{rel}","templated":true}]}}