{"id":2072,"date":"2019-07-18T17:59:58","date_gmt":"2019-07-18T15:59:58","guid":{"rendered":"http:\/\/faurecia-service.com\/?page_id=2072"},"modified":"2022-04-12T14:15:29","modified_gmt":"2022-04-12T12:15:29","slug":"qui-sommes-nous","status":"publish","type":"page","link":"https:\/\/www.faurecia-service.com\/fr\/qui-sommes-nous\/","title":{"rendered":"Qui sommes-nous?"},"content":{"rendered":"\n<div id=\"faurecia-about-block_5ce54379db2e9\" class=\"faurecia-about alignfull \">\n\t<div class=\"faurecia-about-title\">\n\t\t<h2>Faurecia&nbsp;:<br>leader technologique de l\u2019industrie automobile<\/h2>\n\t<\/div>\n\t<div class=\"faurecia-about-content\">\n\t\t\t\t\t<div class=\"clearfix\">\n\t\t\t\t<div class=\"col-elem b5-animated b5-animated-left\">\n\t\t\t\t\t\t\t\t\t\t\t<img decoding=\"async\" src=\"https:\/\/www.faurecia-service.com\/wp-content\/uploads\/motiv-1.jpg\" alt=\"motiv-1\" width=\"100%\">\n\t\t\t\t\t\t\t\t\t\t\t\t\t\t\t<\/div>\n\t\t\t\t<div class=\"col-elem b5-animated b5-animated-right\">\n\t\t\t\t\t\t\t\t\t\t\t<div class=\"content-input\">\n\t\t\t\t\t\t\t\t\t\t\t\t\t\t\t\t\t\t\t\t\t\t\t\t<p style=\"text-align: center;\">Faurecia Service fait partie du groupe Faurecia, l&rsquo;un des leaders mondiaux de la technologie automobile.<\/p>\n<p>Faurecia, avec HELLA, est une entit\u00e9 du Groupe FORVIA. Avec plus de 300 sites industriels et 63 centres de R&amp;D, 150 000 salari\u00e9s, dont plus de 35 000 ing\u00e9nieurs dans plus de 40 pays, FORVIA propose une approche unique et compl\u00e8te des d\u00e9fis de l&rsquo;industrie automobile d&rsquo;aujourd&rsquo;hui et de demain. Compos\u00e9 de 6 activit\u00e9s et de 24 lignes de produits, FORVIA a pour objectif de devenir le partenaire d&rsquo;innovation et d&rsquo;int\u00e9gration pr\u00e9f\u00e9r\u00e9 des contructeurs automobiles du monde entier. FORVIA a pour ambition d&rsquo;\u00eatre un acteur du changement qui s&rsquo;engage \u00e0 pr\u00e9voir et \u00e0 mettre en oeuvre la transformation de la mobilit\u00e9.<\/p>\n\t\t\t\t\t\t\t\t\t\t\t\t\t\t\t\t\t\t\t\t\t<\/div>\n\t\t\t\t\t\t\t\t\t<\/div>\n\t\t\t<\/div>\n\t\t\t\t\t<div class=\"clearfix\">\n\t\t\t\t<div class=\"col-elem b5-animated b5-animated-left\">\n\t\t\t\t\t\t\t\t\t\t\t<div class=\"content-input\">\n\t\t\t\t\t\t\t\t\t\t\t\t\t\t\t\t\t\t\t\t\t\t\t\t<ul class=\"icon-list\">\n\t\t\t\t\t\t\t\t\t\t\t\t\t\t\t\t\t\t\t\t\t<li class=\"icon-list-elem\">\n\t\t\t\t\t\t\t\t\t\t\t\t<img decoding=\"async\" src=\"\/wp-content\/themes\/faurecia\/img\/icon-about-300.svg\">\n\t\t\t\t\t\t\t\t\t\t\t\t<span>Top 10 <br>des entreprises automobiles<\/span>\n\t\t\t\t\t\t\t\t\t\t\t<\/li>\n\t\t\t\t\t\t\t\t\t\t\t\t\t\t\t\t\t\t\t\t\t<li class=\"icon-list-elem\">\n\t\t\t\t\t\t\t\t\t\t\t\t<img decoding=\"async\" src=\"\/wp-content\/themes\/faurecia\/img\/icon-vehicles.svg\">\n\t\t\t\t\t\t\t\t\t\t\t\t<span>1 v\u00e9hicule sur 3 <br>embarque une technologie Faurecia<\/span>\n\t\t\t\t\t\t\t\t\t\t\t<\/li>\n\t\t\t\t\t\t\t\t\t\t\t\t\t\t\t\t\t\t\t<\/ul>\n\t\t\t\t\t\t\t\t\t\t\t\t\t\t\t\t\t\t\t\t\t<\/div>\n\t\t\t\t\t\t\t\t\t<\/div>\n\t\t\t\t<div class=\"col-elem b5-animated b5-animated-right\">\n\t\t\t\t\t\t\t\t\t\t\t<img decoding=\"async\" src=\"https:\/\/www.faurecia-service.com\/wp-content\/uploads\/motiv-3.jpg\" alt=\"motiv-3\" width=\"100%\">\n\t\t\t\t\t\t\t\t\t\t\t\t\t<span class=\"faurecia-about-image-text\">8300 ing\u00e9nieurs et 35 centres de R&#038;D<\/span>\n\t\t\t\t\t\t\t\t\t\t\t\t\t\t\t<\/div>\n\t\t\t<\/div>\n\t\t\t\t\t<div class=\"clearfix\">\n\t\t\t\t<div class=\"col-elem b5-animated b5-animated-left\">\n\t\t\t\t\t\t\t\t\t\t\t<img decoding=\"async\" src=\"https:\/\/www.faurecia-service.com\/wp-content\/uploads\/motiv-2.jpg\" alt=\"motiv-2\" width=\"100%\">\n\t\t\t\t\t\t\t\t\t\t\t\t\t<span class=\"faurecia-about-image-text\">Faurecia Service, votre partenaire de confiance pour l\u2019aftermarket<\/span>\n\t\t\t\t\t\t\t\t\t\t\t\t\t\t\t<\/div>\n\t\t\t\t<div class=\"col-elem b5-animated b5-animated-right\">\n\t\t\t\t\t\t\t\t\t\t\t<div class=\"content-input\">\n\t\t\t\t\t\t\t\t\t\t\t\t\t\t\t\t\t\t\t\t\t\t\t\t<p style=\"text-align: center;\">Fort de plus de 20 ans d&rsquo;exp\u00e9rience dans les syst\u00e8mes d&rsquo;\u00e9chappement, Faurecia \u00e9tablit aujourd&rsquo;hui de nouveaux standards sur le march\u00e9 de la rechange automobile avec Faurecia Service.<\/p>\n\t\t\t\t\t\t\t\t\t\t\t\t\t\t\t\t\t\t\t\t\t\t\t\t\t\t\t\t\t\t\t\t<p style=\"text-align: center;\">Faurecia\u00a0Service travaille sur des solutions innovantes, r\u00e9pondant <strong>de mani\u00e8re durable<\/strong> \u00e0 la demande en mobilit\u00e9 propre. Dans ce cadre, nous nous concentrons sur <strong>la qualit\u00e9<\/strong> et <strong>la dur\u00e9e de vie<\/strong> de nos produits <strong>ainsi que sur leur entretien et leur remise en \u00e9tat<\/strong>.<\/p>\n\t\t\t\t\t\t\t\t\t\t\t\t\t\t\t\t\t\t\t\t\t<\/div>\n\t\t\t\t\t\t\t\t\t<\/div>\n\t\t\t<\/div>\n\t\t\t<\/div>\n<\/div>\n\n\n<p class=\"has-text-align-center about-more-info\"> Pour plus d\u2019informations sur Faurecia :<br><a href=\"http:\/\/www.faurecia.com\">www.faurecia.com<\/a><\/p>\n\n\n\n<div style=\"height:80px\" aria-hidden=\"true\" class=\"wp-block-spacer\"><\/div>\n","protected":false},"excerpt":{"rendered":"<p>Pour plus d\u2019informations sur Faurecia :www.faurecia.com<\/p>\n","protected":false},"author":1,"featured_media":0,"parent":0,"menu_order":0,"comment_status":"closed","ping_status":"closed","template":"","meta":{"_acf_changed":false,"footnotes":""},"class_list":["post-2072","page","type-page","status-publish","hentry"],"acf":[],"yoast_head":"<!-- This site is optimized with the Yoast SEO plugin v27.5 - https:\/\/yoast.com\/product\/yoast-seo-wordpress\/ -->\n<title>Faurecia\u00a0Service\u00a0: le sp\u00e9cialiste du march\u00e9 de l\u2019apr\u00e8s-vente automobile<\/title>\n<meta name=\"description\" content=\"Faurecia\u00a0Service\u00a0: Produits et solutions pour le march\u00e9 de l\u2019apr\u00e8s-vente automobile, march\u00e9 des pi\u00e8ces d\u00e9tach\u00e9es\u00a0: le sp\u00e9cialiste des syst\u00e8mes d\u2019\u00e9chappement et des filtres \u00e0 particules\" \/>\n<meta name=\"robots\" content=\"index, follow, max-snippet:-1, max-image-preview:large, max-video-preview:-1\" \/>\n<link rel=\"canonical\" href=\"https:\/\/www.faurecia-service.com\/fr\/qui-sommes-nous\/\" \/>\n<meta property=\"og:locale\" content=\"fr_FR\" \/>\n<meta property=\"og:type\" content=\"article\" \/>\n<meta property=\"og:title\" content=\"Faurecia\u00a0Service\u00a0: le sp\u00e9cialiste du march\u00e9 de l\u2019apr\u00e8s-vente automobile\" \/>\n<meta property=\"og:description\" content=\"Faurecia\u00a0Service\u00a0: Produits et solutions pour le march\u00e9 de l\u2019apr\u00e8s-vente automobile, march\u00e9 des pi\u00e8ces d\u00e9tach\u00e9es\u00a0: le sp\u00e9cialiste des syst\u00e8mes d\u2019\u00e9chappement et des filtres \u00e0 particules\" \/>\n<meta property=\"og:url\" content=\"https:\/\/www.faurecia-service.com\/fr\/qui-sommes-nous\/\" \/>\n<meta property=\"og:site_name\" content=\"Faurecia\" \/>\n<meta property=\"article:modified_time\" content=\"2022-04-12T12:15:29+00:00\" \/>\n<meta name=\"twitter:card\" content=\"summary_large_image\" \/>\n<meta name=\"twitter:label1\" content=\"Dur\u00e9e de lecture estim\u00e9e\" \/>\n\t<meta name=\"twitter:data1\" content=\"1 minute\" \/>\n<script type=\"application\/ld+json\" class=\"yoast-schema-graph\">{\"@context\":\"https:\\\/\\\/schema.org\",\"@graph\":[{\"@type\":\"WebPage\",\"@id\":\"https:\\\/\\\/www.faurecia-service.com\\\/fr\\\/qui-sommes-nous\\\/\",\"url\":\"https:\\\/\\\/www.faurecia-service.com\\\/fr\\\/qui-sommes-nous\\\/\",\"name\":\"Faurecia\u00a0Service\u00a0: le sp\u00e9cialiste du march\u00e9 de l\u2019apr\u00e8s-vente automobile\",\"isPartOf\":{\"@id\":\"https:\\\/\\\/www.faurecia-service.com\\\/#website\"},\"datePublished\":\"2019-07-18T15:59:58+00:00\",\"dateModified\":\"2022-04-12T12:15:29+00:00\",\"description\":\"Faurecia\u00a0Service\u00a0: Produits et solutions pour le march\u00e9 de l\u2019apr\u00e8s-vente automobile, march\u00e9 des pi\u00e8ces d\u00e9tach\u00e9es\u00a0: le sp\u00e9cialiste des syst\u00e8mes d\u2019\u00e9chappement et des filtres \u00e0 particules\",\"breadcrumb\":{\"@id\":\"https:\\\/\\\/www.faurecia-service.com\\\/fr\\\/qui-sommes-nous\\\/#breadcrumb\"},\"inLanguage\":\"fr-FR\",\"potentialAction\":[{\"@type\":\"ReadAction\",\"target\":[\"https:\\\/\\\/www.faurecia-service.com\\\/fr\\\/qui-sommes-nous\\\/\"]}]},{\"@type\":\"BreadcrumbList\",\"@id\":\"https:\\\/\\\/www.faurecia-service.com\\\/fr\\\/qui-sommes-nous\\\/#breadcrumb\",\"itemListElement\":[{\"@type\":\"ListItem\",\"position\":1,\"name\":\"Startseite\",\"item\":\"https:\\\/\\\/www.faurecia-service.com\\\/fr\\\/\"},{\"@type\":\"ListItem\",\"position\":2,\"name\":\"Qui sommes-nous?\"}]},{\"@type\":\"WebSite\",\"@id\":\"https:\\\/\\\/www.faurecia-service.com\\\/#website\",\"url\":\"https:\\\/\\\/www.faurecia-service.com\\\/\",\"name\":\"Faurecia\",\"description\":\"Eine weitere WordPress-Website\",\"potentialAction\":[{\"@type\":\"SearchAction\",\"target\":{\"@type\":\"EntryPoint\",\"urlTemplate\":\"https:\\\/\\\/www.faurecia-service.com\\\/?s={search_term_string}\"},\"query-input\":{\"@type\":\"PropertyValueSpecification\",\"valueRequired\":true,\"valueName\":\"search_term_string\"}}],\"inLanguage\":\"fr-FR\"}]}<\/script>\n<!-- \/ Yoast SEO plugin. -->","yoast_head_json":{"title":"Faurecia\u00a0Service\u00a0: le sp\u00e9cialiste du march\u00e9 de l\u2019apr\u00e8s-vente automobile","description":"Faurecia\u00a0Service\u00a0: Produits et solutions pour le march\u00e9 de l\u2019apr\u00e8s-vente automobile, march\u00e9 des pi\u00e8ces d\u00e9tach\u00e9es\u00a0: le sp\u00e9cialiste des syst\u00e8mes d\u2019\u00e9chappement et des filtres \u00e0 particules","robots":{"index":"index","follow":"follow","max-snippet":"max-snippet:-1","max-image-preview":"max-image-preview:large","max-video-preview":"max-video-preview:-1"},"canonical":"https:\/\/www.faurecia-service.com\/fr\/qui-sommes-nous\/","og_locale":"fr_FR","og_type":"article","og_title":"Faurecia\u00a0Service\u00a0: le sp\u00e9cialiste du march\u00e9 de l\u2019apr\u00e8s-vente automobile","og_description":"Faurecia\u00a0Service\u00a0: Produits et solutions pour le march\u00e9 de l\u2019apr\u00e8s-vente automobile, march\u00e9 des pi\u00e8ces d\u00e9tach\u00e9es\u00a0: le sp\u00e9cialiste des syst\u00e8mes d\u2019\u00e9chappement et des filtres \u00e0 particules","og_url":"https:\/\/www.faurecia-service.com\/fr\/qui-sommes-nous\/","og_site_name":"Faurecia","article_modified_time":"2022-04-12T12:15:29+00:00","twitter_card":"summary_large_image","twitter_misc":{"Dur\u00e9e de lecture estim\u00e9e":"1 minute"},"schema":{"@context":"https:\/\/schema.org","@graph":[{"@type":"WebPage","@id":"https:\/\/www.faurecia-service.com\/fr\/qui-sommes-nous\/","url":"https:\/\/www.faurecia-service.com\/fr\/qui-sommes-nous\/","name":"Faurecia\u00a0Service\u00a0: le sp\u00e9cialiste du march\u00e9 de l\u2019apr\u00e8s-vente automobile","isPartOf":{"@id":"https:\/\/www.faurecia-service.com\/#website"},"datePublished":"2019-07-18T15:59:58+00:00","dateModified":"2022-04-12T12:15:29+00:00","description":"Faurecia\u00a0Service\u00a0: Produits et solutions pour le march\u00e9 de l\u2019apr\u00e8s-vente automobile, march\u00e9 des pi\u00e8ces d\u00e9tach\u00e9es\u00a0: le sp\u00e9cialiste des syst\u00e8mes d\u2019\u00e9chappement et des filtres \u00e0 particules","breadcrumb":{"@id":"https:\/\/www.faurecia-service.com\/fr\/qui-sommes-nous\/#breadcrumb"},"inLanguage":"fr-FR","potentialAction":[{"@type":"ReadAction","target":["https:\/\/www.faurecia-service.com\/fr\/qui-sommes-nous\/"]}]},{"@type":"BreadcrumbList","@id":"https:\/\/www.faurecia-service.com\/fr\/qui-sommes-nous\/#breadcrumb","itemListElement":[{"@type":"ListItem","position":1,"name":"Startseite","item":"https:\/\/www.faurecia-service.com\/fr\/"},{"@type":"ListItem","position":2,"name":"Qui sommes-nous?"}]},{"@type":"WebSite","@id":"https:\/\/www.faurecia-service.com\/#website","url":"https:\/\/www.faurecia-service.com\/","name":"Faurecia","description":"Eine weitere WordPress-Website","potentialAction":[{"@type":"SearchAction","target":{"@type":"EntryPoint","urlTemplate":"https:\/\/www.faurecia-service.com\/?s={search_term_string}"},"query-input":{"@type":"PropertyValueSpecification","valueRequired":true,"valueName":"search_term_string"}}],"inLanguage":"fr-FR"}]}},"_links":{"self":[{"href":"https:\/\/www.faurecia-service.com\/fr\/wp-json\/wp\/v2\/pages\/2072","targetHints":{"allow":["GET"]}}],"collection":[{"href":"https:\/\/www.faurecia-service.com\/fr\/wp-json\/wp\/v2\/pages"}],"about":[{"href":"https:\/\/www.faurecia-service.com\/fr\/wp-json\/wp\/v2\/types\/page"}],"author":[{"embeddable":true,"href":"https:\/\/www.faurecia-service.com\/fr\/wp-json\/wp\/v2\/users\/1"}],"replies":[{"embeddable":true,"href":"https:\/\/www.faurecia-service.com\/fr\/wp-json\/wp\/v2\/comments?post=2072"}],"version-history":[{"count":30,"href":"https:\/\/www.faurecia-service.com\/fr\/wp-json\/wp\/v2\/pages\/2072\/revisions"}],"predecessor-version":[{"id":3684,"href":"https:\/\/www.faurecia-service.com\/fr\/wp-json\/wp\/v2\/pages\/2072\/revisions\/3684"}],"wp:attachment":[{"href":"https:\/\/www.faurecia-service.com\/fr\/wp-json\/wp\/v2\/media?parent=2072"}],"curies":[{"name":"wp","href":"https:\/\/api.w.org\/{rel}","templated":true}]}}